{"id":28,"date":"2021-11-27T12:28:08","date_gmt":"2021-11-27T15:28:08","guid":{"rendered":"https:\/\/coens.dv.utfpr.edu.br\/dirppg\/?page_id=28"},"modified":"2023-08-23T13:11:07","modified_gmt":"2023-08-23T16:11:07","slug":"contato","status":"publish","type":"page","link":"https:\/\/dirppg.dv.utfpr.edu.br\/site\/contato\/","title":{"rendered":"Contato"},"content":{"rendered":"\n<div class=\"wp-block-columns\">\n<div class=\"wp-block-column\" style=\"flex-basis:33.33%\">\n<figure class=\"wp-block-image size-full is-resized is-style-rounded\"><img src=\"https:\/\/dirppg.dv.utfpr.edu.br\/site\/wp-content\/uploads\/2021\/12\/michele.jpeg\" alt=\"\" class=\"wp-image-123\" width=\"200\" srcset=\"https:\/\/dirppg.dv.utfpr.edu.br\/site\/wp-content\/uploads\/2021\/12\/michele.jpeg 276w, https:\/\/dirppg.dv.utfpr.edu.br\/site\/wp-content\/uploads\/2021\/12\/michele-230x300.jpeg 230w\" sizes=\"(max-width: 276px) 100vw, 276px\" \/><\/figure>\n<\/div>\n\n\n\n<div class=\"wp-block-column\" style=\"flex-basis:66.66%\">\n<h2>Diretora<\/h2>\n\n\n\n<p class=\"has-medium-font-size\"><strong>Michele Potrich<\/strong><\/p>\n\n\n\n<p class=\"has-medium-font-size\"><strong>E-mail:<\/strong> <a href=\"mailto:dirppg-dv@utfpr.edu.br\" target=\"_blank\" rel=\"noreferrer noopener\">dirppg-dv@utfpr.edu.br<\/a><\/p>\n\n\n\n<p class=\"has-medium-font-size\"><strong>Telefones:<\/strong> (46) 3536-8906 | (45) 99101-0322<\/p>\n<\/div>\n<\/div>\n\n\n\n<h2>Equipe da Diretoria de Pesquisa e P\u00f3s-Gradua\u00e7\u00e3o<\/h2>\n\n\n\n<div class=\"wp-block-columns\">\n<div class=\"wp-block-column\">\n<div class=\"wp-block-columns\">\n<div class=\"wp-block-column\" style=\"flex-basis:33.33%\">\n<figure class=\"wp-block-image size-full is-resized is-style-rounded\"><img src=\"https:\/\/dirppg.dv.utfpr.edu.br\/site\/wp-content\/uploads\/2021\/12\/paula.jpeg\" alt=\"\" class=\"wp-image-122\" width=\"120\" srcset=\"https:\/\/dirppg.dv.utfpr.edu.br\/site\/wp-content\/uploads\/2021\/12\/paula.jpeg 368w, https:\/\/dirppg.dv.utfpr.edu.br\/site\/wp-content\/uploads\/2021\/12\/paula-230x300.jpeg 230w\" sizes=\"(max-width: 368px) 100vw, 368px\" \/><\/figure>\n<\/div>\n\n\n\n<div class=\"wp-block-column\" style=\"flex-basis:66.66%\">\n<p><strong>Diretora Adjunta<\/strong><br>Paula Fernandes Montanher<br><strong>E-mail:<\/strong> <a href=\"mailto:adirppg-dv@utfpr.edu.br\" target=\"_blank\" rel=\"noreferrer noopener\">adirppg-dv@utfpr.edu.br<\/a><br><strong>Telefone:<\/strong> (46) 3536-8906<\/p>\n<\/div>\n<\/div>\n<\/div>\n\n\n\n<div class=\"wp-block-column\">\n<div class=\"wp-block-columns\">\n<div class=\"wp-block-column\" style=\"flex-basis:33.33%\">\n<figure class=\"wp-block-image size-full is-style-rounded\"><img loading=\"lazy\" width=\"552\" height=\"720\" src=\"https:\/\/dirppg.dv.utfpr.edu.br\/site\/wp-content\/uploads\/2023\/08\/guilherme.jpg\" alt=\"\" class=\"wp-image-802\" srcset=\"https:\/\/dirppg.dv.utfpr.edu.br\/site\/wp-content\/uploads\/2023\/08\/guilherme.jpg 552w, https:\/\/dirppg.dv.utfpr.edu.br\/site\/wp-content\/uploads\/2023\/08\/guilherme-230x300.jpg 230w\" sizes=\"(max-width: 552px) 100vw, 552px\" \/><\/figure>\n<\/div>\n\n\n\n<div class=\"wp-block-column\" style=\"flex-basis:66.66%\">\n<p><strong><strong>Assessor de P\u00f3s-Gradua\u00e7\u00e3o (Stricto Sensu)<\/strong><\/strong><br>Guilherme Bessegato<br><strong>E-mail:<\/strong> <a rel=\"noreferrer noopener\" href=\"mailto:adirppg-dv@utfpr.edu.br\" target=\"_blank\">adirppg-dv@utfpr.edu.br<\/a><br><strong>Telefone:<\/strong> (46) 3536-8906<\/p>\n<\/div>\n<\/div>\n<\/div>\n<\/div>\n\n\n\n<div class=\"wp-block-columns\">\n<div class=\"wp-block-column\">\n<div class=\"wp-block-columns\">\n<div class=\"wp-block-column\" style=\"flex-basis:33.33%\">\n<figure class=\"wp-block-image size-full is-resized is-style-rounded\"><img src=\"https:\/\/dirppg.dv.utfpr.edu.br\/site\/wp-content\/uploads\/2021\/12\/maristela.jpeg\" alt=\"\" class=\"wp-image-120\" width=\"120\" srcset=\"https:\/\/dirppg.dv.utfpr.edu.br\/site\/wp-content\/uploads\/2021\/12\/maristela.jpeg 276w, https:\/\/dirppg.dv.utfpr.edu.br\/site\/wp-content\/uploads\/2021\/12\/maristela-230x300.jpeg 230w\" sizes=\"(max-width: 276px) 100vw, 276px\" \/><\/figure>\n<\/div>\n\n\n\n<div class=\"wp-block-column\" style=\"flex-basis:66.66%\">\n<p><strong>Assessora de Pesquisa<\/strong><br>Maristela Dos Santos Rey<br><strong>E-mail:<\/strong> <a rel=\"noreferrer noopener\" href=\"mailto:adirppg-dv@utfpr.edu.br\" target=\"_blank\">adirppg-dv@utfpr.edu.br<\/a><br><strong>Telefone:<\/strong> (46) 3536-8906<\/p>\n<\/div>\n<\/div>\n<\/div>\n\n\n\n<div class=\"wp-block-column\">\n<div class=\"wp-block-columns\">\n<div class=\"wp-block-column\" style=\"flex-basis:33.33%\">\n<figure class=\"wp-block-image size-full is-resized is-style-rounded\"><img src=\"https:\/\/dirppg.dv.utfpr.edu.br\/site\/wp-content\/uploads\/2021\/12\/andre.jpeg\" alt=\"\" class=\"wp-image-119\" width=\"120\" srcset=\"https:\/\/dirppg.dv.utfpr.edu.br\/site\/wp-content\/uploads\/2021\/12\/andre.jpeg 276w, https:\/\/dirppg.dv.utfpr.edu.br\/site\/wp-content\/uploads\/2021\/12\/andre-230x300.jpeg 230w\" sizes=\"(max-width: 276px) 100vw, 276px\" \/><\/figure>\n<\/div>\n\n\n\n<div class=\"wp-block-column\" style=\"flex-basis:66.66%\">\n<p><strong>Assessor de P\u00f3s-Gradua\u00e7\u00e3o (Lato Sensu)<\/strong><br>Andr\u00e9 Roberto Ortoncelli<br><strong>E-mail:<\/strong> <a href=\"mailto:adirppg-dv@utfpr.edu.br\" target=\"_blank\" rel=\"noreferrer noopener\">adirppg-dv@utfpr.edu.br<\/a><br><strong>Telefone:<\/strong> (46) 3536-8906<\/p>\n<\/div>\n<\/div>\n<\/div>\n<\/div>\n\n\n\n<div class=\"wp-block-columns\">\n<div class=\"wp-block-column\">\n<div class=\"wp-block-columns\">\n<div class=\"wp-block-column\" style=\"flex-basis:33.33%\">\n<figure class=\"wp-block-image size-full is-resized is-style-rounded\"><img src=\"https:\/\/dirppg.dv.utfpr.edu.br\/site\/wp-content\/uploads\/2021\/12\/jozana.jpeg\" alt=\"\" class=\"wp-image-118\" width=\"120\" srcset=\"https:\/\/dirppg.dv.utfpr.edu.br\/site\/wp-content\/uploads\/2021\/12\/jozana.jpeg 368w, https:\/\/dirppg.dv.utfpr.edu.br\/site\/wp-content\/uploads\/2021\/12\/jozana-230x300.jpeg 230w\" sizes=\"(max-width: 368px) 100vw, 368px\" \/><\/figure>\n<\/div>\n\n\n\n<div class=\"wp-block-column\" style=\"flex-basis:66.66%\">\n<p><strong>Secret\u00e1ria DIRPPG<\/strong><br>Jozana Klein<br><strong>E-mail:<\/strong> <a rel=\"noreferrer noopener\" href=\"mailto:jozanaklein@utfpr.edu.br\" target=\"_blank\">jozanaklein@utfpr.edu.br<\/a><br><strong>Telefone:<\/strong> (46) 3536-8907<br><strong>Hor\u00e1rio de atendimento:<\/strong> 8:00 \u00e0s 11:30 &#8211; 12:30 \u00e0s 17:00<\/p>\n<\/div>\n<\/div>\n<\/div>\n\n\n\n<div class=\"wp-block-column\">\n<div class=\"wp-block-columns\">\n<div class=\"wp-block-column\" style=\"flex-basis:33.33%\">\n<figure class=\"wp-block-image size-full is-resized is-style-rounded\"><img src=\"https:\/\/dirppg.dv.utfpr.edu.br\/site\/wp-content\/uploads\/2021\/12\/carine.jpeg\" alt=\"\" class=\"wp-image-117\" width=\"120\" srcset=\"https:\/\/dirppg.dv.utfpr.edu.br\/site\/wp-content\/uploads\/2021\/12\/carine.jpeg 276w, https:\/\/dirppg.dv.utfpr.edu.br\/site\/wp-content\/uploads\/2021\/12\/carine-230x300.jpeg 230w\" sizes=\"(max-width: 276px) 100vw, 276px\" \/><\/figure>\n<\/div>\n\n\n\n<div class=\"wp-block-column\" style=\"flex-basis:66.66%\">\n<p><strong>Secret\u00e1ria PPGZOO<\/strong><br>Carine Giaretta<br><strong>E-mail:<\/strong> <a rel=\"noreferrer noopener\" href=\"mailto:carine@utfpr.edu.br\" target=\"_blank\">carine@utfpr.edu.br<\/a><br><strong>Telefone:<\/strong> (46) 3536-8907<br><strong>Hor\u00e1rio de atendimento:<\/strong> 7:15 \u00e0s 11:30 &#8211; 13:30 \u00e0s 17:15<\/p>\n<\/div>\n<\/div>\n<\/div>\n<\/div>\n\n\n\n<div class=\"wp-block-columns\">\n<div class=\"wp-block-column\">\n<div class=\"wp-block-columns\">\n<div class=\"wp-block-column\" style=\"flex-basis:33.33%\">\n<figure class=\"wp-block-image size-full is-resized is-style-rounded\"><img src=\"https:\/\/dirppg.dv.utfpr.edu.br\/site\/wp-content\/uploads\/2021\/12\/rodrigo.jpeg\" alt=\"\" class=\"wp-image-116\" width=\"120\" srcset=\"https:\/\/dirppg.dv.utfpr.edu.br\/site\/wp-content\/uploads\/2021\/12\/rodrigo.jpeg 368w, https:\/\/dirppg.dv.utfpr.edu.br\/site\/wp-content\/uploads\/2021\/12\/rodrigo-230x300.jpeg 230w\" sizes=\"(max-width: 368px) 100vw, 368px\" \/><\/figure>\n<\/div>\n\n\n\n<div class=\"wp-block-column\" style=\"flex-basis:66.66%\">\n<p><strong>Secret\u00e1rio PPGBIOTEC\/PPGSIS<\/strong><br>Rodrigo Dela Justina<br><strong>E-mail:<\/strong> <a rel=\"noreferrer noopener\" href=\"mailto:rodrigojustina@utfpr.edu.br\" target=\"_blank\">rodrigojustina@utfpr.edu.br<\/a><br><strong>Telefone:<\/strong> (46) 3536-8907<br><strong>Hor\u00e1rio de atendimento:<\/strong> 8:00 \u00e0s 12:00 &#8211; 13:00 \u00e0s 17:00<\/p>\n<\/div>\n<\/div>\n<\/div>\n\n\n\n<div class=\"wp-block-column\">\n<div class=\"wp-block-columns\">\n<div class=\"wp-block-column\" style=\"flex-basis:33.33%\">\n<figure class=\"wp-block-image size-full is-style-rounded\"><img loading=\"lazy\" width=\"368\" height=\"480\" src=\"https:\/\/dirppg.dv.utfpr.edu.br\/site\/wp-content\/uploads\/2023\/08\/thiago.jpg\" alt=\"\" class=\"wp-image-803\" srcset=\"https:\/\/dirppg.dv.utfpr.edu.br\/site\/wp-content\/uploads\/2023\/08\/thiago.jpg 368w, https:\/\/dirppg.dv.utfpr.edu.br\/site\/wp-content\/uploads\/2023\/08\/thiago-230x300.jpg 230w\" sizes=\"(max-width: 368px) 100vw, 368px\" \/><\/figure>\n<\/div>\n\n\n\n<div class=\"wp-block-column\" style=\"flex-basis:66.66%\">\n<p><strong>T\u00e9cnico Labor\u00e1torio<\/strong><br>Thiago Villa<br><strong>E-mail:<\/strong> <a rel=\"noreferrer noopener\" href=\"mailto:rodrigojustina@utfpr.edu.br\" target=\"_blank\">thiagovilla@utfpr.edu.br<\/a><br><strong>Telefone:<\/strong> <br><strong>Hor\u00e1rio de atendimento:<\/strong> 7:30 \u00e0s 11:30 &#8211; 13:30 \u00e0s 17:30<\/p>\n<\/div>\n<\/div>\n<\/div>\n<\/div>\n\n\n\n<h3>Contatos<\/h3>\n\n\n\n<p><strong>Telefone:<\/strong> (46) 3536-8907 &#8211; Ramal 8906<\/p>\n\n\n\n<p><strong>Fax:<\/strong> (46) 3536-8900<\/p>\n\n\n\n<p><strong>E-mail:<\/strong> <a href=\"mailto:dirppg-dv@utfpr.edu.br\" target=\"_blank\" rel=\"noreferrer noopener\">dirppg-dv@utfpr.edu.br<\/a><\/p>\n","protected":false},"excerpt":{"rendered":"<p>Diretora Michele Potrich E-mail: dirppg-dv@utfpr.edu.br Telefones: (46) 3536-8906 | (45) 99101-0322 Equipe da Diretoria de Pesquisa e P\u00f3s-Gradua\u00e7\u00e3o Diretora AdjuntaPaula Fernandes MontanherE-mail: adirppg-dv@utfpr.edu.brTelefone: (46) 3536-8906 Assessor de P\u00f3s-Gradua\u00e7\u00e3o (Stricto Sensu)Guilherme BessegatoE-mail: adirppg-dv@utfpr.edu.brTelefone: (46) 3536-8906 Assessora de PesquisaMaristela Dos Santos ReyE-mail: adirppg-dv@utfpr.edu.brTelefone: (46) 3536-8906 Assessor de P\u00f3s-Gradua\u00e7\u00e3o (Lato Sensu)Andr\u00e9 Roberto OrtoncelliE-mail: adirppg-dv@utfpr.edu.brTelefone: (46) 3536-8906 Secret\u00e1ria DIRPPGJozana [&hellip;]<\/p>\n","protected":false},"author":1,"featured_media":0,"parent":0,"menu_order":0,"comment_status":"closed","ping_status":"closed","template":"","meta":[],"_links":{"self":[{"href":"https:\/\/dirppg.dv.utfpr.edu.br\/site\/wp-json\/wp\/v2\/pages\/28"}],"collection":[{"href":"https:\/\/dirppg.dv.utfpr.edu.br\/site\/wp-json\/wp\/v2\/pages"}],"about":[{"href":"https:\/\/dirppg.dv.utfpr.edu.br\/site\/wp-json\/wp\/v2\/types\/page"}],"author":[{"embeddable":true,"href":"https:\/\/dirppg.dv.utfpr.edu.br\/site\/wp-json\/wp\/v2\/users\/1"}],"replies":[{"embeddable":true,"href":"https:\/\/dirppg.dv.utfpr.edu.br\/site\/wp-json\/wp\/v2\/comments?post=28"}],"version-history":[{"count":17,"href":"https:\/\/dirppg.dv.utfpr.edu.br\/site\/wp-json\/wp\/v2\/pages\/28\/revisions"}],"predecessor-version":[{"id":805,"href":"https:\/\/dirppg.dv.utfpr.edu.br\/site\/wp-json\/wp\/v2\/pages\/28\/revisions\/805"}],"wp:attachment":[{"href":"https:\/\/dirppg.dv.utfpr.edu.br\/site\/wp-json\/wp\/v2\/media?parent=28"}],"curies":[{"name":"wp","href":"https:\/\/api.w.org\/{rel}","templated":true}]}}