{"id":314,"date":"2021-12-20T15:11:58","date_gmt":"2021-12-20T18:11:58","guid":{"rendered":"https:\/\/dirppg.dv.utfpr.edu.br\/site\/?page_id=314"},"modified":"2024-10-10T15:47:59","modified_gmt":"2024-10-10T18:47:59","slug":"lato","status":"publish","type":"page","link":"https:\/\/dirppg.dv.utfpr.edu.br\/site\/lato\/","title":{"rendered":"Lato Sensu &#8211; Cursos de Especializa\u00e7\u00e3o"},"content":{"rendered":"\n<div class=\"wp-block-columns\">\n<div class=\"wp-block-column\">\n<div class=\"wp-block-columns\">\n<div class=\"wp-block-column\">\n<hr class=\"wp-block-separator\"\/>\n\n\n\n<h3 class=\"has-text-align-center\">Biologia Molecular<\/h3>\n\n\n\n<div class=\"wp-block-image\"><figure class=\"aligncenter size-full\"><img loading=\"lazy\" width=\"366\" height=\"290\" src=\"https:\/\/dirppg.dv.utfpr.edu.br\/site\/wp-content\/uploads\/2024\/05\/biomol.png\" alt=\"\" class=\"wp-image-873\" srcset=\"https:\/\/dirppg.dv.utfpr.edu.br\/site\/wp-content\/uploads\/2024\/05\/biomol.png 366w, https:\/\/dirppg.dv.utfpr.edu.br\/site\/wp-content\/uploads\/2024\/05\/biomol-300x238.png 300w\" sizes=\"(max-width: 366px) 100vw, 366px\" \/><\/figure><\/div>\n\n\n\n<p><strong>Site do Curso: <\/strong><a href=\"https:\/\/www.utfpr.edu.br\/\">https:\/\/www.utfpr.edu.br\/<\/a><a href=\"https:\/\/www.utfpr.edu.br\/cursos\/especializacao\/dv\/biologia-molecular\" data-type=\"URL\" data-id=\"https:\/\/www.utfpr.edu.br\/cursos\/especializacao\/dv\/biologia-molecular\">cursos\/especializacao\/dv\/biologia-molecular<\/a><\/p>\n\n\n\n<p>P<strong>revis\u00e3o de oferta da pr\u00f3xima turma:<\/strong><\/p>\n\n\n\n<p><\/p>\n<\/div>\n\n\n\n<div class=\"wp-block-column\">\n<hr class=\"wp-block-separator\"\/>\n\n\n\n<h3 class=\"has-text-align-center\">Ci\u00eancia de Dados<\/h3>\n\n\n\n<div class=\"wp-block-image\"><figure class=\"aligncenter size-full\"><img loading=\"lazy\" width=\"375\" height=\"290\" src=\"https:\/\/dirppg.dv.utfpr.edu.br\/site\/wp-content\/uploads\/2024\/05\/CDADOS.png\" alt=\"\" class=\"wp-image-875\" srcset=\"https:\/\/dirppg.dv.utfpr.edu.br\/site\/wp-content\/uploads\/2024\/05\/CDADOS.png 375w, https:\/\/dirppg.dv.utfpr.edu.br\/site\/wp-content\/uploads\/2024\/05\/CDADOS-300x232.png 300w\" sizes=\"(max-width: 375px) 100vw, 375px\" \/><\/figure><\/div>\n\n\n\n<p><strong>Site do Curso: <\/strong><a href=\"https:\/\/cdados.dv.utfpr.edu.br\/\">https:\/\/coens.dv.utfpr.edu.br\/pos\/ciencia-dados\/<\/a><\/p>\n\n\n\n<p><strong>Previs\u00e3o de oferta da pr\u00f3xima turma:<\/strong> A partir do primeiro semestre de 2025, com uma turma nova a cada semestre.<\/p>\n\n\n\n<p><\/p>\n\n\n\n<p> <\/p>\n<\/div>\n<\/div>\n<\/div>\n\n\n\n<div class=\"wp-block-column\">\n<div class=\"wp-block-columns\">\n<div class=\"wp-block-column\">\n<hr class=\"wp-block-separator\"\/>\n\n\n\n<h4 class=\"has-text-align-center\">IA Aplicada \u00e0 Agricultura<\/h4>\n\n\n\n<div class=\"wp-block-image\"><figure class=\"aligncenter size-full\"><img loading=\"lazy\" width=\"374\" height=\"292\" src=\"https:\/\/dirppg.dv.utfpr.edu.br\/site\/wp-content\/uploads\/2024\/05\/IANOAGRO.png\" alt=\"\" class=\"wp-image-878\" srcset=\"https:\/\/dirppg.dv.utfpr.edu.br\/site\/wp-content\/uploads\/2024\/05\/IANOAGRO.png 374w, https:\/\/dirppg.dv.utfpr.edu.br\/site\/wp-content\/uploads\/2024\/05\/IANOAGRO-300x234.png 300w\" sizes=\"(max-width: 374px) 100vw, 374px\" \/><\/figure><\/div>\n\n\n\n<p><strong><strong><strong>Site do Curso: <\/strong><\/strong><\/strong><a href=\"https:\/\/ianoagro.dv.utfpr.edu.br\/site\/\">https:\/\/ianoagro.dv.utfpr.edu.br\/site\/<\/a><\/p>\n\n\n\n<p><strong><strong>Previs\u00e3o de oferta da pr\u00f3xima turma:<\/strong> <\/strong>Novas turmas todo o semestre.<\/p>\n\n\n\n<p><strong>Inscri\u00e7\u00f5es abertas pelo link: <a href=\"https:\/\/funtefpr.conveniar.com.br\/eventos\/Forms\/Servicos\/EventoDados.aspx?action=1724\">https:\/\/funtefpr.conveniar.com.br\/eventos\/Forms\/Servicos\/EventoDados.aspx?action=1724<\/a> <\/strong><\/p>\n<\/div>\n\n\n\n<div class=\"wp-block-column\">\n<hr class=\"wp-block-separator\"\/>\n\n\n\n<h3 class=\"has-text-align-center\">Restaura\u00e7\u00e3o Florestal<\/h3>\n\n\n\n<div class=\"wp-block-image\"><figure class=\"aligncenter size-full\"><img loading=\"lazy\" width=\"363\" height=\"285\" src=\"https:\/\/dirppg.dv.utfpr.edu.br\/site\/wp-content\/uploads\/2024\/05\/Florestal.png\" alt=\"\" class=\"wp-image-880\" srcset=\"https:\/\/dirppg.dv.utfpr.edu.br\/site\/wp-content\/uploads\/2024\/05\/Florestal.png 363w, https:\/\/dirppg.dv.utfpr.edu.br\/site\/wp-content\/uploads\/2024\/05\/Florestal-300x236.png 300w\" sizes=\"(max-width: 363px) 100vw, 363px\" \/><\/figure><\/div>\n\n\n\n<p><strong>Site do Curso: <\/strong><a href=\"http:\/\/portal.utfpr.edu.br\/cursos\/especializacao\/dv\/restauracao-florestal\">http:\/\/portal.utfpr.edu.br\/cursos\/especializacao\/dv\/restauracao-florestal<\/a><\/p>\n\n\n\n<p>P<strong>revis\u00e3o de oferta da pr\u00f3xima turma:<\/strong><\/p>\n\n\n\n<p><\/p>\n<\/div>\n<\/div>\n<\/div>\n<\/div>\n\n\n\n<div class=\"wp-block-columns\">\n<div class=\"wp-block-column\">\n<h2 class=\"has-text-align-center\">Se inscreva para receber mais informa\u00e7\u00f5es sobre o curso de especializa\u00e7\u00e3o que voc\u00ea tem interesse:<\/h2>\n\n\n\n<p class=\"has-text-align-center\"><a href=\"https:\/\/docs.google.com\/forms\/d\/e\/1FAIpQLSdicXq55xRtlMYO064tZyD9Rsxb44msivkecghyXvVF24KD9w\/viewform\" data-type=\"URL\" data-id=\"https:\/\/docs.google.com\/forms\/d\/e\/1FAIpQLSdicXq55xRtlMYO064tZyD9Rsxb44msivkecghyXvVF24KD9w\/viewform\">Fomul\u00e1rio de Interesse nos Cursos de Especializa\u00e7\u00e3o do Campus Dois Vizinhos<\/a><\/p>\n<\/div>\n<\/div>\n","protected":false},"excerpt":{"rendered":"<p>Biologia Molecular Site do Curso: https:\/\/www.utfpr.edu.br\/cursos\/especializacao\/dv\/biologia-molecular Previs\u00e3o de oferta da pr\u00f3xima turma: Ci\u00eancia de Dados Site do Curso: https:\/\/coens.dv.utfpr.edu.br\/pos\/ciencia-dados\/ Previs\u00e3o de oferta da pr\u00f3xima turma: A partir do primeiro semestre de 2025, com uma turma nova a cada semestre. IA Aplicada \u00e0 Agricultura Site do Curso: https:\/\/ianoagro.dv.utfpr.edu.br\/site\/ Previs\u00e3o de oferta da pr\u00f3xima turma: Novas turmas [&hellip;]<\/p>\n","protected":false},"author":1,"featured_media":0,"parent":0,"menu_order":0,"comment_status":"closed","ping_status":"closed","template":"","meta":[],"_links":{"self":[{"href":"https:\/\/dirppg.dv.utfpr.edu.br\/site\/wp-json\/wp\/v2\/pages\/314"}],"collection":[{"href":"https:\/\/dirppg.dv.utfpr.edu.br\/site\/wp-json\/wp\/v2\/pages"}],"about":[{"href":"https:\/\/dirppg.dv.utfpr.edu.br\/site\/wp-json\/wp\/v2\/types\/page"}],"author":[{"embeddable":true,"href":"https:\/\/dirppg.dv.utfpr.edu.br\/site\/wp-json\/wp\/v2\/users\/1"}],"replies":[{"embeddable":true,"href":"https:\/\/dirppg.dv.utfpr.edu.br\/site\/wp-json\/wp\/v2\/comments?post=314"}],"version-history":[{"count":28,"href":"https:\/\/dirppg.dv.utfpr.edu.br\/site\/wp-json\/wp\/v2\/pages\/314\/revisions"}],"predecessor-version":[{"id":988,"href":"https:\/\/dirppg.dv.utfpr.edu.br\/site\/wp-json\/wp\/v2\/pages\/314\/revisions\/988"}],"wp:attachment":[{"href":"https:\/\/dirppg.dv.utfpr.edu.br\/site\/wp-json\/wp\/v2\/media?parent=314"}],"curies":[{"name":"wp","href":"https:\/\/api.w.org\/{rel}","templated":true}]}}