{"id":521,"date":"2022-04-09T09:39:26","date_gmt":"2022-04-09T12:39:26","guid":{"rendered":"https:\/\/dirppg.dv.utfpr.edu.br\/site\/?page_id=521"},"modified":"2024-03-21T15:36:22","modified_gmt":"2024-03-21T18:36:22","slug":"informes","status":"publish","type":"page","link":"https:\/\/dirppg.dv.utfpr.edu.br\/site\/informes\/","title":{"rendered":"Informes"},"content":{"rendered":"\n<ul><li><strong>HOMOLOGA\u00c7\u00c3O DE PROJETOS<\/strong><\/li><\/ul>\n\n\n\n<p>Prezados Docentes<\/p>\n\n\n\n<p>Como \u00e9 de conhecimento de todos, ao homologar seu projeto de pesquisa na UTFPR, ele passa por tr\u00eas etapas de avalia\u00e7\u00e3o: An\u00e1lise Dirppg, An\u00e1lise Ad Hoc e An\u00e1lise do Comit\u00ea de Homologa\u00e7\u00e3o.<\/p>\n\n\n\n<p>A segunda etapa, a avalia\u00e7\u00e3o de m\u00e9rito ou&nbsp;<em>Ad Hoc<\/em>, pode ser realizada por qualquer docente da UTFPR.&nbsp;<strong>Dessa forma, ao receber em seu e-mail um convite para atuar como avaliador&nbsp;<\/strong><strong><em>Ad Hoc<\/em><\/strong><strong>&nbsp;de um projeto de pesquisa, o aceite de voc\u00eas \u00e9 fundamental para o fluxo de homologa\u00e7\u00e3o.<\/strong><\/p>\n\n\n\n<p>Neste m\u00eas estamos com muitas demandas para avalia\u00e7\u00e3o&nbsp;<em>Ad Hoc<\/em>&nbsp;por conta dos editais PROPPG em aberto. Assim, o aceite e avalia\u00e7\u00e3o de todos \u00e9 muito importante para que n\u00e3o ocorra atrasos nas homologa\u00e7\u00f5es.<\/p>\n\n\n\n<p>Em anexo segue um arquivo com o tutorial para avalia\u00e7\u00e3o.<\/p>\n\n\n\n<p>Contamos com a colabora\u00e7\u00e3o de todos como avaliador Ad Hoc.<\/p>\n\n\n\n<ul><li><strong>EDITAL PAPCDT-3K<\/strong><\/li><\/ul>\n\n\n\n<p><strong>1. No presente edital, existem as op\u00e7\u00f5es: Modalidade A, Modalidade B e Modalidade B &#8211; alternativa.&nbsp;<\/strong>No ato da inscri\u00e7\u00e3o, o docente dever\u00e1, obrigatoriamente, optar por uma das modalidades<strong>.&nbsp;<\/strong><\/p>\n\n\n\n<p><strong>2. Destaque para a Modalidade B:<\/strong><\/p>\n\n\n\n<p><em>Par\u00e1grafo \u00fanico: A exist\u00eancia de recursos financeiros da PROPPG para aquisi\u00e7\u00e3o de materiais permanentes (Modalidade B) dentro deste Edital, est\u00e1 condicionada a aprova\u00e7\u00e3o por parte do Minist\u00e9rio do Planejamento e Or\u00e7amento, do pedido que ser\u00e1 feito no in\u00edcio de 2024 pela UTFPR, da convers\u00e3o de recursos de custeio\/aux\u00edlio ao Pesquisador para materiais permanentes. Na impossibilidade desta convers\u00e3o, at\u00e9 a data de divulga\u00e7\u00e3o do resultado final deste Edital, todo o recurso da PROPPG, aplicado neste Edital, ser\u00e1 repassado na forma de Aux\u00edlio ao Pesquisador (Modalidade A), para aqueles que optaram por este tipo de recurso no momento da inscri\u00e7\u00e3o (item 4.2), seguindo os crit\u00e9rios de classifica\u00e7\u00e3o do Edital.<\/em><\/p>\n\n\n\n<p><em>Primeiramente ser\u00e3o distribu\u00eddas 5 (cinco) cotas de apoio financeiro na Modalidade B (Material Permanente), para os 5 (cinco) Pesquisadores com a maior pontua\u00e7\u00e3o de cada Campus da UTFPR, e que tenham informado no momento da inscri\u00e7\u00e3o o seu interesse nesta Modalidade. Caso n\u00e3o tenhamos pelo menos 5 (cinco) Pesquisadores inscritos e com mais de 100 (pontos) para determinado Campus, as cotas da Modalidade B que sobrarem desse Campus, ser\u00e3o repassados para os Pesquisadores com maior pontua\u00e7\u00e3o, interessados na Modalidade B, independente do Campus do Pesquisador, at\u00e9 que sejam distribu\u00eddas as 65 cotas da PROPPG previstas nesta Modalidade.<\/em><\/p>\n\n\n\n<p><em>Ser\u00e3o destinadas 65 (sessenta e cinco) cotas de R$ 3.000,00 (tr\u00eas mil reais) para a Modalidade B (Material Permanente), sendo 5 (cinco) cotas para os melhores classificados de cada Campus da UTFPR, totalizando R$ 195.000,00 (cento e noventa e cinco mil reais).<\/em><\/p>\n\n\n\n<p><em>\u00c9 mandat\u00f3rio que os equipamentos estejam elencados em Ata de Registro de Pre\u00e7os (entrar em contato com a DIRPPG).<\/em><\/p>\n\n\n\n<p><strong>3. Destaques para a Modalidade A<\/strong><\/p>\n\n\n\n<p><em>Ser\u00e3o destinadas 135 (cento e trinta e cinco) cotas de R$ 3.000,00 (tr\u00eas mil reais) para a Modalidade A (Aux\u00edlio ao Pesquisador), totalizando R$ 405.000,00 (quatrocentos e cinco mil reais).<\/em><\/p>\n\n\n\n<p><strong>4. Complementa\u00e7\u00e3o DIRPPG-DV<\/strong><\/p>\n\n\n\n<p><em>As solicita\u00e7\u00f5es n\u00e3o contempladas neste Edital pela PROPPG, por limita\u00e7\u00e3o de cr\u00e9dito or\u00e7ament\u00e1rio, conforme item 6.1, mas que tenham atendido os requisitos deste Edital, poder\u00e3o, a crit\u00e9rio do Campus, serem apoiadas com recursos do respectivo Campus de origem do proponente, obedecendo aos itens financi\u00e1veis descritos no item 3, assim como os crit\u00e9rios de execu\u00e7\u00e3o e presta\u00e7\u00e3o de contas da respectiva Modalidade. Os valores poder\u00e3o ser complementados pelo Campus, tanto na Modalidade A como na Modalidade B.<\/em><\/p>\n\n\n\n<p><strong>Destaque: Esse crit\u00e9rio s\u00f3 ser\u00e1 poss\u00edvel, mediante ao relatado no item 2.<\/strong><\/p>\n\n\n\n<p><strong>5. Projeto Homologado com itens discriminados<\/strong><\/p>\n\n\n\n<p><em>Os Pesquisadores contemplados com cotas, seja da PROPPG ou da DIRPPG, que n\u00e3o possu\u00edrem em seu(s) projeto(s) homologado(s)&nbsp;<\/em><em>a discrimina\u00e7\u00e3o dos produtos\/servi\u00e7os a serem adquiridos\/realizados e seus respectivos valores estimados<\/em><em>, dever\u00e3o providenciar a inclus\u00e3o ou complementa\u00e7\u00e3o destes ao referido projeto homologado informado no momento da inscri\u00e7\u00e3o,&nbsp;<\/em><em>antes de iniciar as aquisi\u00e7\u00f5es, sob o risco de ressarcimento ao er\u00e1rio dos recursos aplicados em itens que n\u00e3o estavam discriminados no projeto homologado.<\/em><\/p>\n\n\n\n<p><em>A altera\u00e7\u00e3o dos elementos de despesa no SISPEQ dever\u00e1 ser aprovada pela DIRPPG do Campus de origem do Pesquisador, antes de iniciar a aquisi\u00e7\u00e3o dos itens.<\/em><\/p>\n\n\n\n<p><strong>6. Almoxarifado Virtual<\/strong><\/p>\n\n\n\n<p><em>\u00a72\u00ba &#8211; Antes de realizar a compra, o Pesquisador dever\u00e1 verificar se o item pleiteado n\u00e3o est\u00e1 dispon\u00edvel no Almoxarifado Virtual da UTFPR, conforme&nbsp;<\/em><a href=\"https:\/\/sei.utfpr.edu.br\/sei\/publicacoes\/controlador_publicacoes.php?acao=publicacao_visualizar&amp;id_documento=3910654&amp;id_orgao_publicacao=0\" target=\"_blank\" rel=\"noreferrer noopener\"><em>INSTRU\u00c7\u00c3O NORMATIVA CONJUNTA PROPPG\/PROPLAD\/PROREC\/UTFPR n\u00ba 15, de 12 de julho de 2023<\/em><\/a><em>. Caso o item esteja dispon\u00edvel no Almoxarifado Virtual, o Pesquisador dever\u00e1 seguir as orienta\u00e7\u00f5es a serem repassadas pela DIRPLAD do Campus, sob orienta\u00e7\u00e3o da PROPLAD.<\/em><\/p>\n\n\n\n<p><\/p>\n\n\n\n<ul><li><strong>Novo Portf\u00f3lio de Pesquisadores<\/strong><\/li><\/ul>\n\n\n\n<p>Em 2020 iniciamos a organiza\u00e7\u00e3o de um portf\u00f3lio dos pesquisadores e suas linhas de atua\u00e7\u00e3o visando o compartilhamento deste com institui\u00e7\u00f5es nacionais e internacionais.<\/p>\n\n\n\n<figure class=\"wp-block-embed\"><div class=\"wp-block-embed__wrapper\">\nhttps:\/\/cloud.utfpr.edu.br\/index.php\/s\/jdXWDbVGAwqqVRi\n<\/div><\/figure>\n\n\n\n<p>No entanto, essa vers\u00e3o est\u00e1 defasada e n\u00e3o permite atualiza\u00e7\u00f5es.<\/p>\n\n\n\n<p>Neste sentido, a DIRPPG-DV est\u00e1 criando um&nbsp;<strong>novo portf\u00f3lio<\/strong>. A ideia \u00e9 que seja um portf\u00f3lio mais visual e &#8216;interativo&#8217; (explorando links externos), e com menos texto. Tamb\u00e9m ser\u00e1 elaborada uma vers\u00e3o em ingl\u00eas visando a internacionaliza\u00e7\u00e3o.<\/p>\n\n\n\n<p>Assim, solicitamos que seja preenchido o formul\u00e1rio com os dados e envio de sua foto e de ao menos duas imagens que representem sua pesquisa.<\/p>\n\n\n\n<p><strong>Para que conste no novo portf\u00f3lio \u00e9 obrigat\u00f3rio que esse formul\u00e1rio seja preenchido. O portf\u00f3lio antigo ser\u00e1 descontinuado.&nbsp;<\/strong><\/p>\n\n\n\n<p><strong>Formul\u00e1rio:&nbsp;<\/strong><a href=\"https:\/\/forms.gle\/ADHeG1FXjr2hTJ4e9\" target=\"_blank\" rel=\"noreferrer noopener\"><strong>https:\/\/forms.gle\/ADHeG1FXjr2hTJ4e9<\/strong><\/a><\/p>\n\n\n\n<p><strong>Prazo para preenchimento: 12\/04\/2024.<\/strong><\/p>\n\n\n\n<p>Ficamos ao dispor para quaisquer d\u00favidas.<\/p>\n","protected":false},"excerpt":{"rendered":"<p>HOMOLOGA\u00c7\u00c3O DE PROJETOS Prezados Docentes Como \u00e9 de conhecimento de todos, ao homologar seu projeto de pesquisa na UTFPR, ele passa por tr\u00eas etapas de avalia\u00e7\u00e3o: An\u00e1lise Dirppg, An\u00e1lise Ad Hoc e An\u00e1lise do Comit\u00ea de Homologa\u00e7\u00e3o. A segunda etapa, a avalia\u00e7\u00e3o de m\u00e9rito ou&nbsp;Ad Hoc, pode ser realizada por qualquer docente da UTFPR.&nbsp;Dessa forma, [&hellip;]<\/p>\n","protected":false},"author":1,"featured_media":0,"parent":0,"menu_order":0,"comment_status":"closed","ping_status":"closed","template":"","meta":[],"_links":{"self":[{"href":"https:\/\/dirppg.dv.utfpr.edu.br\/site\/wp-json\/wp\/v2\/pages\/521"}],"collection":[{"href":"https:\/\/dirppg.dv.utfpr.edu.br\/site\/wp-json\/wp\/v2\/pages"}],"about":[{"href":"https:\/\/dirppg.dv.utfpr.edu.br\/site\/wp-json\/wp\/v2\/types\/page"}],"author":[{"embeddable":true,"href":"https:\/\/dirppg.dv.utfpr.edu.br\/site\/wp-json\/wp\/v2\/users\/1"}],"replies":[{"embeddable":true,"href":"https:\/\/dirppg.dv.utfpr.edu.br\/site\/wp-json\/wp\/v2\/comments?post=521"}],"version-history":[{"count":21,"href":"https:\/\/dirppg.dv.utfpr.edu.br\/site\/wp-json\/wp\/v2\/pages\/521\/revisions"}],"predecessor-version":[{"id":838,"href":"https:\/\/dirppg.dv.utfpr.edu.br\/site\/wp-json\/wp\/v2\/pages\/521\/revisions\/838"}],"wp:attachment":[{"href":"https:\/\/dirppg.dv.utfpr.edu.br\/site\/wp-json\/wp\/v2\/media?parent=521"}],"curies":[{"name":"wp","href":"https:\/\/api.w.org\/{rel}","templated":true}]}}