{"id":579,"date":"2022-06-01T15:55:59","date_gmt":"2022-06-01T18:55:59","guid":{"rendered":"https:\/\/dirppg.dv.utfpr.edu.br\/site\/?page_id=579"},"modified":"2023-06-20T15:50:58","modified_gmt":"2023-06-20T18:50:58","slug":"laboratorios-multiusuario","status":"publish","type":"page","link":"https:\/\/dirppg.dv.utfpr.edu.br\/site\/laboratorios-multiusuario\/","title":{"rendered":"LabMult"},"content":{"rendered":"\n<p>Os <a href=\"http:\/\/www.utfpr.edu.br\/pesquisa-e-pos-graduacao\/laboratorios-multiusuarios\">Laborat\u00f3rios Multiusu\u00e1rios da UTFPR<\/a> <strong>(LabMult) <\/strong>t\u00eam como finalidade dar suporte \u00e0s <strong>atividades de pesquisa e de desenvolvimento tecnol\u00f3gico<\/strong>, disponibilizando equipamentos e servi\u00e7os especializados. <strong>Perspectivas: <\/strong>atender as demandas de grupos de pesquisa da UTFPR, de outras institui\u00e7\u00f5es p\u00fablicas ou privadas e \u00e0 comunidade externa, executando atividades de an\u00e1lise e solu\u00e7\u00f5es tecnol\u00f3gicas para produtos e processos.<\/p>\n\n\n\n<p>Conhe\u00e7a nossos quatro Laborat\u00f3rios Multiusu\u00e1rios da UTFPR-DV:<\/p>\n\n\n\n<div class=\"wp-block-columns\">\n<div class=\"wp-block-column\">\n<figure class=\"wp-block-image size-large\"><a href=\"http:\/\/www.utfpr.edu.br\/pesquisa-e-pos-graduacao\/laboratorios-multiusuarios\/laboratorios\/laboratorio-de-biotecnologia-ambiental-e-alimentos-labia\"><img loading=\"lazy\" width=\"1024\" height=\"989\" src=\"https:\/\/dirppg.dv.utfpr.edu.br\/site\/wp-content\/uploads\/2022\/06\/LABIA-1024x989.png\" alt=\"\" class=\"wp-image-595\" srcset=\"https:\/\/dirppg.dv.utfpr.edu.br\/site\/wp-content\/uploads\/2022\/06\/LABIA-1024x989.png 1024w, https:\/\/dirppg.dv.utfpr.edu.br\/site\/wp-content\/uploads\/2022\/06\/LABIA-300x290.png 300w, https:\/\/dirppg.dv.utfpr.edu.br\/site\/wp-content\/uploads\/2022\/06\/LABIA-768x741.png 768w, https:\/\/dirppg.dv.utfpr.edu.br\/site\/wp-content\/uploads\/2022\/06\/LABIA.png 1127w\" sizes=\"(max-width: 1024px) 100vw, 1024px\" \/><\/a><\/figure>\n<\/div>\n\n\n\n<div class=\"wp-block-column\">\n<figure class=\"wp-block-image size-large\"><a href=\"http:\/\/www.utfpr.edu.br\/pesquisa-e-pos-graduacao\/laboratorios-multiusuarios\/laboratorios\/laboratorio-multiusuario-central-de-analises-labca-dv\"><img loading=\"lazy\" width=\"1024\" height=\"989\" src=\"https:\/\/dirppg.dv.utfpr.edu.br\/site\/wp-content\/uploads\/2022\/06\/LabCA-1024x989.png\" alt=\"\" class=\"wp-image-596\" srcset=\"https:\/\/dirppg.dv.utfpr.edu.br\/site\/wp-content\/uploads\/2022\/06\/LabCA-1024x989.png 1024w, https:\/\/dirppg.dv.utfpr.edu.br\/site\/wp-content\/uploads\/2022\/06\/LabCA-300x290.png 300w, https:\/\/dirppg.dv.utfpr.edu.br\/site\/wp-content\/uploads\/2022\/06\/LabCA-768x741.png 768w, https:\/\/dirppg.dv.utfpr.edu.br\/site\/wp-content\/uploads\/2022\/06\/LabCA.png 1127w\" sizes=\"(max-width: 1024px) 100vw, 1024px\" \/><\/a><\/figure>\n<\/div>\n\n\n\n<div class=\"wp-block-column\">\n<figure class=\"wp-block-image size-large\"><a href=\"http:\/\/www.utfpr.edu.br\/pesquisa-e-pos-graduacao\/laboratorios-multiusuarios\/laboratorios\/laboratorio-multiusuario-de-analises-biologicas-e-biologia-molecular-biomol\"><img loading=\"lazy\" width=\"1024\" height=\"989\" src=\"https:\/\/dirppg.dv.utfpr.edu.br\/site\/wp-content\/uploads\/2022\/06\/BioMol-2-1024x989.png\" alt=\"\" class=\"wp-image-601\" srcset=\"https:\/\/dirppg.dv.utfpr.edu.br\/site\/wp-content\/uploads\/2022\/06\/BioMol-2-1024x989.png 1024w, https:\/\/dirppg.dv.utfpr.edu.br\/site\/wp-content\/uploads\/2022\/06\/BioMol-2-300x290.png 300w, https:\/\/dirppg.dv.utfpr.edu.br\/site\/wp-content\/uploads\/2022\/06\/BioMol-2-768x741.png 768w, https:\/\/dirppg.dv.utfpr.edu.br\/site\/wp-content\/uploads\/2022\/06\/BioMol-2.png 1127w\" sizes=\"(max-width: 1024px) 100vw, 1024px\" \/><\/a><\/figure>\n<\/div>\n<\/div>\n\n\n\n<div class=\"wp-block-columns\">\n<div class=\"wp-block-column\">\n<figure class=\"wp-block-image size-full\"><a href=\"http:\/\/www.utfpr.edu.br\/pesquisa-e-pos-graduacao\/laboratorios-multiusuarios\/laboratorios\/bromato\/apresentacao\"><img loading=\"lazy\" width=\"887\" height=\"857\" src=\"https:\/\/dirppg.dv.utfpr.edu.br\/site\/wp-content\/uploads\/2023\/03\/bromato.png\" alt=\"\" class=\"wp-image-763\" srcset=\"https:\/\/dirppg.dv.utfpr.edu.br\/site\/wp-content\/uploads\/2023\/03\/bromato.png 887w, https:\/\/dirppg.dv.utfpr.edu.br\/site\/wp-content\/uploads\/2023\/03\/bromato-300x290.png 300w, https:\/\/dirppg.dv.utfpr.edu.br\/site\/wp-content\/uploads\/2023\/03\/bromato-768x742.png 768w\" sizes=\"(max-width: 887px) 100vw, 887px\" \/><\/a><\/figure>\n<\/div>\n\n\n\n<div class=\"wp-block-column\"><\/div>\n\n\n\n<div class=\"wp-block-column\"><\/div>\n<\/div>\n\n\n\n<p><\/p>\n","protected":false},"excerpt":{"rendered":"<p>Os Laborat\u00f3rios Multiusu\u00e1rios da UTFPR (LabMult) t\u00eam como finalidade dar suporte \u00e0s atividades de pesquisa e de desenvolvimento tecnol\u00f3gico, disponibilizando equipamentos e servi\u00e7os especializados. Perspectivas: atender as demandas de grupos de pesquisa da UTFPR, de outras institui\u00e7\u00f5es p\u00fablicas ou privadas e \u00e0 comunidade externa, executando atividades de an\u00e1lise e solu\u00e7\u00f5es tecnol\u00f3gicas para produtos e processos. [&hellip;]<\/p>\n","protected":false},"author":3,"featured_media":0,"parent":0,"menu_order":0,"comment_status":"closed","ping_status":"closed","template":"","meta":[],"_links":{"self":[{"href":"https:\/\/dirppg.dv.utfpr.edu.br\/site\/wp-json\/wp\/v2\/pages\/579"}],"collection":[{"href":"https:\/\/dirppg.dv.utfpr.edu.br\/site\/wp-json\/wp\/v2\/pages"}],"about":[{"href":"https:\/\/dirppg.dv.utfpr.edu.br\/site\/wp-json\/wp\/v2\/types\/page"}],"author":[{"embeddable":true,"href":"https:\/\/dirppg.dv.utfpr.edu.br\/site\/wp-json\/wp\/v2\/users\/3"}],"replies":[{"embeddable":true,"href":"https:\/\/dirppg.dv.utfpr.edu.br\/site\/wp-json\/wp\/v2\/comments?post=579"}],"version-history":[{"count":13,"href":"https:\/\/dirppg.dv.utfpr.edu.br\/site\/wp-json\/wp\/v2\/pages\/579\/revisions"}],"predecessor-version":[{"id":789,"href":"https:\/\/dirppg.dv.utfpr.edu.br\/site\/wp-json\/wp\/v2\/pages\/579\/revisions\/789"}],"wp:attachment":[{"href":"https:\/\/dirppg.dv.utfpr.edu.br\/site\/wp-json\/wp\/v2\/media?parent=579"}],"curies":[{"name":"wp","href":"https:\/\/api.w.org\/{rel}","templated":true}]}}