{"id":632,"date":"2022-08-12T15:57:16","date_gmt":"2022-08-12T18:57:16","guid":{"rendered":"https:\/\/dirppg.dv.utfpr.edu.br\/site\/?page_id=632"},"modified":"2023-08-14T14:01:36","modified_gmt":"2023-08-14T17:01:36","slug":"tutoriais","status":"publish","type":"page","link":"https:\/\/dirppg.dv.utfpr.edu.br\/site\/tutoriais\/","title":{"rendered":"Tutoriais"},"content":{"rendered":"\n<p><a href=\"https:\/\/cloud.utfpr.edu.br\/index.php\/s\/96VIUfzLkxe4bgK\">Tutorial para cancelamento de bolsista volunt\u00e1rio<\/a><\/p>\n\n\n\n<p><a href=\"https:\/\/nuvem.utfpr.edu.br\/index.php\/s\/MATT47R5B015ORH\" data-type=\"URL\" data-id=\"https:\/\/nuvem.utfpr.edu.br\/index.php\/s\/MATT47R5B015ORH\">Tutorial para envio de relat\u00f3rio final de IC ciclo 2022-2023<\/a><\/p>\n\n\n\n<p><a href=\"https:\/\/cloud.utfpr.edu.br\/index.php\/s\/zmx209vsfENOw5f\">Tutorial para substitui\u00e7\u00e3o de bolsistas<\/a><\/p>\n\n\n\n<p><a href=\"https:\/\/cloud.utfpr.edu.br\/index.php\/s\/yTnGzGoQiP7IRs4\">Tutorial para Homologa\u00e7\u00e3o de Projetos de Pesquisa no Sispeq<\/a><\/p>\n\n\n\n<p><a href=\"https:\/\/cloud.utfpr.edu.br\/index.php\/s\/ZQy2PEFzcIvtvoD\">Tutorial para Projetos migrados da OPPX para o Sispeq<\/a><\/p>\n\n\n\n<p><a href=\"https:\/\/cloud.utfpr.edu.br\/index.php\/s\/okGsTr5EFg9Bm2X\">Tutorial para Avalia\u00e7\u00e3o de Projeto de Pesquisa para homologa\u00e7\u00e3o \u2013SISPEQ<\/a><\/p>\n\n\n\n<p><a href=\"https:\/\/cloud.utfpr.edu.br\/index.php\/s\/hO6Oo4kXSEIPWKY\" data-type=\"URL\" target=\"_blank\" rel=\"noreferrer noopener\">Tutorial de presta\u00e7\u00e3o de contas 2023<\/a><\/p>\n\n\n\n<p><a rel=\"noreferrer noopener\" href=\"https:\/\/cloud.utfpr.edu.br\/index.php\/s\/axHLUuk5IbAOiVI\" target=\"_blank\">Busca de certificados de eventos institucionais e de inicia\u00e7\u00e3o cient\u00edfica<\/a><\/p>\n\n\n\n<p><a href=\"https:\/\/cloud.utfpr.edu.br\/index.php\/s\/TGeiL4QTZJasFfx\">SISPEQ \u2013 Submiss\u00e3o de Propostas \u2013 Edital 3K\/2K<\/a><\/p>\n","protected":false},"excerpt":{"rendered":"<p>Tutorial para cancelamento de bolsista volunt\u00e1rio Tutorial para envio de relat\u00f3rio final de IC ciclo 2022-2023 Tutorial para substitui\u00e7\u00e3o de bolsistas Tutorial para Homologa\u00e7\u00e3o de Projetos de Pesquisa no Sispeq Tutorial para Projetos migrados da OPPX para o Sispeq Tutorial para Avalia\u00e7\u00e3o de Projeto de Pesquisa para homologa\u00e7\u00e3o \u2013SISPEQ Tutorial de presta\u00e7\u00e3o de contas 2023 [&hellip;]<\/p>\n","protected":false},"author":1,"featured_media":0,"parent":0,"menu_order":0,"comment_status":"closed","ping_status":"closed","template":"","meta":[],"_links":{"self":[{"href":"https:\/\/dirppg.dv.utfpr.edu.br\/site\/wp-json\/wp\/v2\/pages\/632"}],"collection":[{"href":"https:\/\/dirppg.dv.utfpr.edu.br\/site\/wp-json\/wp\/v2\/pages"}],"about":[{"href":"https:\/\/dirppg.dv.utfpr.edu.br\/site\/wp-json\/wp\/v2\/types\/page"}],"author":[{"embeddable":true,"href":"https:\/\/dirppg.dv.utfpr.edu.br\/site\/wp-json\/wp\/v2\/users\/1"}],"replies":[{"embeddable":true,"href":"https:\/\/dirppg.dv.utfpr.edu.br\/site\/wp-json\/wp\/v2\/comments?post=632"}],"version-history":[{"count":12,"href":"https:\/\/dirppg.dv.utfpr.edu.br\/site\/wp-json\/wp\/v2\/pages\/632\/revisions"}],"predecessor-version":[{"id":800,"href":"https:\/\/dirppg.dv.utfpr.edu.br\/site\/wp-json\/wp\/v2\/pages\/632\/revisions\/800"}],"wp:attachment":[{"href":"https:\/\/dirppg.dv.utfpr.edu.br\/site\/wp-json\/wp\/v2\/media?parent=632"}],"curies":[{"name":"wp","href":"https:\/\/api.w.org\/{rel}","templated":true}]}}