{"id":70,"date":"2021-11-27T13:36:53","date_gmt":"2021-11-27T16:36:53","guid":{"rendered":"https:\/\/coens.dv.utfpr.edu.br\/dirppg\/?page_id=70"},"modified":"2024-07-25T17:41:32","modified_gmt":"2024-07-25T20:41:32","slug":"cct","status":"publish","type":"page","link":"https:\/\/dirppg.dv.utfpr.edu.br\/site\/cct\/","title":{"rendered":"Eventos realizados pela DIRPPG-DV"},"content":{"rendered":"\n<h2>Congresso de Ci\u00eancia e Tecnologia &#8211; CCT<\/h2>\n\n\n\n<p style=\"font-size:rem\">O CCT \u00e9 evento bianual organizado pela DIRPPG-DV em parceria com representantes de todos os cursos do campus Dois Vizinhos da UTFPR.\u00a0 \u00c9 um\u00a0evento que visa agregar conhecimentos t\u00e9cnico-cient\u00edficos aos estudantes da Institui\u00e7\u00e3o e aos visitantes de toda a regi\u00e3o.<\/p>\n\n\n\n<p>Em 2024, o campus Dois Vizinhos da Universidade Tecnol\u00f3gica Federal do Paran\u00e1 (UTFPR) sediar\u00e1 a\u00a0<strong>7\u00aa edi\u00e7\u00e3o do Congresso de Ci\u00eancia e Tecnologia (CCT)<\/strong>, um evento que j\u00e1 se consolidou como um importante espa\u00e7o de troca de conhecimento e experi\u00eancias entre alunos, professores e a comunidade acad\u00eamica em geral. Esta edi\u00e7\u00e3o, ter\u00e1 como central: <em>&#8220;Biomas do Brasil: diversidade, saberes e tecnologias sociais&#8221; <\/em>(mesmo tema da semana nacional de Ci\u00eancia e Tecnologia). Al\u00e9m de atividades relacionadas ao tema central, o CCT 2024 tamb\u00e9m contar\u00e1 com atividades transversais e complementares.<\/p>\n\n\n\n<p>O congresso, de natureza multidisciplinar, tem como objetivo principal a divulga\u00e7\u00e3o dos projetos desenvolvidos por alunos e professores, promovendo a integra\u00e7\u00e3o entre diferentes \u00e1reas do conhecimento. Este ano, o evento contar\u00e1 com a submiss\u00e3o de resumos simples, permitindo a apresenta\u00e7\u00e3o de pesquisas em diversas fases de desenvolvimento, desde in\u00edcios promissores at\u00e9 resultados conclusivos.<\/p>\n\n\n\n<p>Os alunos de inicia\u00e7\u00e3o cient\u00edfica da UTFPR-DV far\u00e3o uma apresenta\u00e7\u00e3o conhecida como&nbsp;<em>PR\u00c9-SICITE<\/em>&nbsp;no dia 06\/09. Para este caso, devem acessar o site que cont\u00e9m as informa\u00e7\u00f5es e modelos do PR\u00c9-SICITE-DV clicando&nbsp;<a rel=\"noreferrer noopener\" href=\"https:\/\/sites.google.com\/view\/presicitedv\/in%C3%ADcio\" target=\"_blank\">aqui<\/a>.<\/p>\n\n\n\n<p>Participar do Congresso de Ci\u00eancia e Tecnologia \u00e9 uma oportunidade \u00edmpar para os estudantes e docentes apresentarem seus trabalhos, obterem feedback construtivo e ampliarem suas redes de contatos acad\u00eamicos e profissionais.&nbsp;<\/p>\n\n\n\n<p>N\u00e3o perca a chance de participar deste evento de grande relev\u00e2ncia para a comunidade acad\u00eamica e cient\u00edfica. Prepare seus resumos, inscreva-se e venha compartilhar seus projetos e descobertas no 7\u00ba Congresso de Ci\u00eancia e Tecnologia da UTFPR campus Dois Vizinhos. Juntos, podemos construir um futuro mais inovador.<\/p>\n\n\n\n<p><strong><a href=\"https:\/\/www.even3.com.br\/vii-cct-utfpr-dv\/\" data-type=\"URL\" data-id=\"https:\/\/www.even3.com.br\/vii-cct-utfpr-dv\/\" target=\"_blank\" rel=\"noreferrer noopener\">CLIQUE AQUI <\/a>PARA FAZER SER DIRECIONADO AO SITE COM AS INFORMA\u00c7\u00d5ES E FAZER SUA INSCRI\u00c7\u00c3O\/SUBMISS\u00c3O.<\/strong><\/p>\n\n\n\n<h2>ANAIS DO CCT<\/h2>\n\n\n\n<p><a rel=\"noreferrer noopener\" href=\"https:\/\/cloud.utfpr.edu.br\/index.php\/s\/MYuC05wocZnHPqS\" target=\"_blank\">Anais do V CCT &#8211; 2021<\/a><\/p>\n\n\n\n<p><a rel=\"noreferrer noopener\" href=\"https:\/\/1drv.ms\/b\/s!ApO0PvdSWSxtvnG-3OjCdqBrNOmZ?e=bq3JCh\" target=\"_blank\">Anais do V CCT &#8211; 2019<\/a><\/p>\n","protected":false},"excerpt":{"rendered":"<p>Congresso de Ci\u00eancia e Tecnologia &#8211; CCT O CCT \u00e9 evento bianual organizado pela DIRPPG-DV em parceria com representantes de todos os cursos do campus Dois Vizinhos da UTFPR.\u00a0 \u00c9 um\u00a0evento que visa agregar conhecimentos t\u00e9cnico-cient\u00edficos aos estudantes da Institui\u00e7\u00e3o e aos visitantes de toda a regi\u00e3o. Em 2024, o campus Dois Vizinhos da Universidade [&hellip;]<\/p>\n","protected":false},"author":1,"featured_media":0,"parent":0,"menu_order":0,"comment_status":"closed","ping_status":"closed","template":"","meta":[],"_links":{"self":[{"href":"https:\/\/dirppg.dv.utfpr.edu.br\/site\/wp-json\/wp\/v2\/pages\/70"}],"collection":[{"href":"https:\/\/dirppg.dv.utfpr.edu.br\/site\/wp-json\/wp\/v2\/pages"}],"about":[{"href":"https:\/\/dirppg.dv.utfpr.edu.br\/site\/wp-json\/wp\/v2\/types\/page"}],"author":[{"embeddable":true,"href":"https:\/\/dirppg.dv.utfpr.edu.br\/site\/wp-json\/wp\/v2\/users\/1"}],"replies":[{"embeddable":true,"href":"https:\/\/dirppg.dv.utfpr.edu.br\/site\/wp-json\/wp\/v2\/comments?post=70"}],"version-history":[{"count":8,"href":"https:\/\/dirppg.dv.utfpr.edu.br\/site\/wp-json\/wp\/v2\/pages\/70\/revisions"}],"predecessor-version":[{"id":986,"href":"https:\/\/dirppg.dv.utfpr.edu.br\/site\/wp-json\/wp\/v2\/pages\/70\/revisions\/986"}],"wp:attachment":[{"href":"https:\/\/dirppg.dv.utfpr.edu.br\/site\/wp-json\/wp\/v2\/media?parent=70"}],"curies":[{"name":"wp","href":"https:\/\/api.w.org\/{rel}","templated":true}]}}