{"id":82,"date":"2021-11-27T13:50:58","date_gmt":"2021-11-27T16:50:58","guid":{"rendered":"https:\/\/coens.dv.utfpr.edu.br\/dirppg\/?page_id=82"},"modified":"2023-10-23T17:02:14","modified_gmt":"2023-10-23T20:02:14","slug":"stricto","status":"publish","type":"page","link":"https:\/\/dirppg.dv.utfpr.edu.br\/site\/stricto\/","title":{"rendered":"Stricto Sensu &#8211; Cursos de Mestrado e Doutorado"},"content":{"rendered":"\n<div class=\"wp-block-columns\">\n<div class=\"wp-block-column\">\n<div class=\"wp-block-image\"><figure class=\"aligncenter size-full\"><a href=\"http:\/\/portal.utfpr.edu.br\/cursos\/mestrado-e-doutorado\/ppgbiotec\" target=\"_blank\" rel=\"noopener\"><img loading=\"lazy\" width=\"400\" height=\"378\" src=\"https:\/\/dirppg.dv.utfpr.edu.br\/site\/wp-content\/uploads\/2021\/12\/ppgbiotec.jpeg\" alt=\"\" class=\"wp-image-145\" srcset=\"https:\/\/dirppg.dv.utfpr.edu.br\/site\/wp-content\/uploads\/2021\/12\/ppgbiotec.jpeg 400w, https:\/\/dirppg.dv.utfpr.edu.br\/site\/wp-content\/uploads\/2021\/12\/ppgbiotec-300x284.jpeg 300w\" sizes=\"(max-width: 400px) 100vw, 400px\" \/><\/a><\/figure><\/div>\n\n\n\n<p class=\"has-text-align-center has-medium-font-size\"><a href=\"http:\/\/portal.utfpr.edu.br\/cursos\/mestrado-e-doutorado\/ppgbiotec\" target=\"_blank\" rel=\"noreferrer noopener\">Programa de P\u00f3s-Gradua\u00e7\u00e3o em Biotecnologia<\/a><\/p>\n<\/div>\n\n\n\n<div class=\"wp-block-column\">\n<div class=\"wp-block-image\"><figure class=\"aligncenter size-full\"><a href=\"http:\/\/portal.utfpr.edu.br\/cursos\/mestrado-e-doutorado\/ppgsis\" target=\"_blank\" rel=\"noopener\"><img loading=\"lazy\" width=\"400\" height=\"378\" src=\"https:\/\/dirppg.dv.utfpr.edu.br\/site\/wp-content\/uploads\/2021\/12\/ppgsis.jpg\" alt=\"\" class=\"wp-image-147\" srcset=\"https:\/\/dirppg.dv.utfpr.edu.br\/site\/wp-content\/uploads\/2021\/12\/ppgsis.jpg 400w, https:\/\/dirppg.dv.utfpr.edu.br\/site\/wp-content\/uploads\/2021\/12\/ppgsis-300x284.jpg 300w\" sizes=\"(max-width: 400px) 100vw, 400px\" \/><\/a><\/figure><\/div>\n\n\n\n<p class=\"has-text-align-center has-medium-font-size\"><a href=\"http:\/\/portal.utfpr.edu.br\/cursos\/mestrado-e-doutorado\/ppgsis\" target=\"_blank\" rel=\"noreferrer noopener\">Programa de P\u00f3s-Gradua\u00e7\u00e3o em Agroecossistemas<\/a><\/p>\n<\/div>\n\n\n\n<div class=\"wp-block-column\">\n<div class=\"wp-block-image\"><figure class=\"aligncenter size-large is-resized\"><img loading=\"lazy\" src=\"https:\/\/dirppg.dv.utfpr.edu.br\/site\/wp-content\/uploads\/2023\/10\/WhatsApp-Image-2023-10-17-at-14.05.28-1024x724.jpeg\" alt=\"\" class=\"wp-image-811\" width=\"400\" height=\"378\"\/><\/figure><\/div>\n\n\n\n<p class=\"has-text-align-center has-medium-font-size\"><a href=\"http:\/\/portal.utfpr.edu.br\/cursos\/mestrado-e-doutorado\/ppgzo-dois-vizinhos\" target=\"_blank\" rel=\"noreferrer noopener\">Programa de P\u00f3s-Gradua\u00e7\u00e3o em Zootecnia<\/a><\/p>\n<\/div>\n<\/div>\n","protected":false},"excerpt":{"rendered":"<p>Programa de P\u00f3s-Gradua\u00e7\u00e3o em Biotecnologia Programa de P\u00f3s-Gradua\u00e7\u00e3o em Agroecossistemas Programa de P\u00f3s-Gradua\u00e7\u00e3o em Zootecnia<\/p>\n","protected":false},"author":1,"featured_media":0,"parent":0,"menu_order":0,"comment_status":"closed","ping_status":"closed","template":"","meta":[],"_links":{"self":[{"href":"https:\/\/dirppg.dv.utfpr.edu.br\/site\/wp-json\/wp\/v2\/pages\/82"}],"collection":[{"href":"https:\/\/dirppg.dv.utfpr.edu.br\/site\/wp-json\/wp\/v2\/pages"}],"about":[{"href":"https:\/\/dirppg.dv.utfpr.edu.br\/site\/wp-json\/wp\/v2\/types\/page"}],"author":[{"embeddable":true,"href":"https:\/\/dirppg.dv.utfpr.edu.br\/site\/wp-json\/wp\/v2\/users\/1"}],"replies":[{"embeddable":true,"href":"https:\/\/dirppg.dv.utfpr.edu.br\/site\/wp-json\/wp\/v2\/comments?post=82"}],"version-history":[{"count":24,"href":"https:\/\/dirppg.dv.utfpr.edu.br\/site\/wp-json\/wp\/v2\/pages\/82\/revisions"}],"predecessor-version":[{"id":815,"href":"https:\/\/dirppg.dv.utfpr.edu.br\/site\/wp-json\/wp\/v2\/pages\/82\/revisions\/815"}],"wp:attachment":[{"href":"https:\/\/dirppg.dv.utfpr.edu.br\/site\/wp-json\/wp\/v2\/media?parent=82"}],"curies":[{"name":"wp","href":"https:\/\/api.w.org\/{rel}","templated":true}]}}