{"id":84,"date":"2021-11-27T13:51:15","date_gmt":"2021-11-27T16:51:15","guid":{"rendered":"https:\/\/coens.dv.utfpr.edu.br\/dirppg\/?page_id=84"},"modified":"2024-11-19T13:41:55","modified_gmt":"2024-11-19T16:41:55","slug":"grupos","status":"publish","type":"page","link":"https:\/\/dirppg.dv.utfpr.edu.br\/site\/grupos\/","title":{"rendered":"Grupos de Pesquisa"},"content":{"rendered":"\n<h3>Agronomia<\/h3>\n\n\n\n<div class=\"wp-block-columns\">\n<div class=\"wp-block-column\">\n<div class=\"wp-block-image\"><figure class=\"aligncenter size-full\"><img loading=\"lazy\" width=\"150\" height=\"150\" src=\"https:\/\/dirppg.dv.utfpr.edu.br\/site\/wp-content\/uploads\/2022\/02\/myrtaceae.jpg\" alt=\"\" class=\"wp-image-359\"\/><\/figure><\/div>\n\n\n\n<p class=\"has-text-align-center\"><a href=\"http:\/\/dgp.cnpq.br\/dgp\/espelhogrupo\/4861859072274366\" target=\"_blank\" rel=\"noreferrer noopener\">Recursos Gen\u00e9ticos e Tecnologias de Produ\u00e7\u00e3o Envolvendo Esp\u00e9cies Negligenciadas da Regi\u00e3o Sul Brasileira<\/a><\/p>\n<\/div>\n\n\n\n<div class=\"wp-block-column\">\n<div class=\"wp-block-image\"><figure class=\"aligncenter size-full\"><img loading=\"lazy\" width=\"150\" height=\"150\" src=\"https:\/\/dirppg.dv.utfpr.edu.br\/site\/wp-content\/uploads\/2022\/02\/milho-2.jpg\" alt=\"\" class=\"wp-image-381\"\/><\/figure><\/div>\n\n\n\n<p class=\"has-text-align-center\"><a href=\"http:\/\/dgp.cnpq.br\/dgp\/espelhogrupo\/674311\" target=\"_blank\" rel=\"noreferrer noopener\">Milho &#8211; Manejo Integrado: Lavoura-Homem-Mundo<\/a><\/p>\n<\/div>\n\n\n\n<div class=\"wp-block-column\">\n<div class=\"wp-block-image\"><figure class=\"aligncenter size-full\"><img loading=\"lazy\" width=\"150\" height=\"150\" src=\"https:\/\/dirppg.dv.utfpr.edu.br\/site\/wp-content\/uploads\/2022\/02\/propagacao-1.jpg\" alt=\"\" class=\"wp-image-368\"\/><\/figure><\/div>\n\n\n\n<p class=\"has-text-align-center\"><a href=\"http:\/\/dgp.cnpq.br\/dgp\/espelhogrupo\/2263089668718190\" target=\"_blank\" rel=\"noreferrer noopener\">Propaga\u00e7\u00e3o e Biotecnologia Vegetal<\/a><\/p>\n<\/div>\n<\/div>\n\n\n\n<div class=\"wp-block-columns\">\n<div class=\"wp-block-column\">\n<div class=\"wp-block-image\"><figure class=\"aligncenter size-full\"><img loading=\"lazy\" width=\"150\" height=\"150\" src=\"https:\/\/dirppg.dv.utfpr.edu.br\/site\/wp-content\/uploads\/2022\/02\/esferas.jpg\" alt=\"\" class=\"wp-image-371\"\/><\/figure><\/div>\n\n\n\n<p class=\"has-text-align-center\"><a href=\"http:\/\/dgp.cnpq.br\/dgp\/espelhogrupo\/185216\" target=\"_blank\" rel=\"noreferrer noopener\">Din\u00e2mica das Esferas Terrestres<\/a><\/p>\n<\/div>\n\n\n\n<div class=\"wp-block-column\">\n<div class=\"wp-block-image\"><figure class=\"aligncenter size-full\"><img loading=\"lazy\" width=\"150\" height=\"150\" src=\"https:\/\/dirppg.dv.utfpr.edu.br\/site\/wp-content\/uploads\/2022\/02\/agroexperimentacao.jpg\" alt=\"\" class=\"wp-image-374\"\/><\/figure><\/div>\n\n\n\n<p class=\"has-text-align-center\"><a href=\"http:\/\/dgp.cnpq.br\/dgp\/espelhogrupo\/28107\" target=\"_blank\" rel=\"noreferrer noopener\">Grupo de Pesquisa em Experimenta\u00e7\u00e3o Agropecu\u00e1ria<\/a><\/p>\n<\/div>\n\n\n\n<div class=\"wp-block-column\">\n<div class=\"wp-block-image\"><figure class=\"aligncenter size-full\"><img loading=\"lazy\" width=\"150\" height=\"150\" src=\"https:\/\/dirppg.dv.utfpr.edu.br\/site\/wp-content\/uploads\/2022\/02\/plantio_direto.jpg\" alt=\"\" class=\"wp-image-377\"\/><\/figure><\/div>\n\n\n\n<p class=\"has-text-align-center\"><a rel=\"noreferrer noopener\" href=\"http:\/\/dgp.cnpq.br\/dgp\/espelhogrupo\/459377\" data-type=\"URL\" data-id=\"http:\/\/dgp.cnpq.br\/dgp\/espelhogrupo\/459377\" target=\"_blank\">Sistema de Plantio Direto Org\u00e2nico<\/a><\/p>\n<\/div>\n<\/div>\n\n\n\n<div class=\"wp-block-columns\">\n<div class=\"wp-block-column\">\n<div class=\"wp-block-image\"><figure class=\"aligncenter size-full\"><img loading=\"lazy\" width=\"150\" height=\"150\" src=\"https:\/\/dirppg.dv.utfpr.edu.br\/site\/wp-content\/uploads\/2022\/02\/gebiomet.jpg\" alt=\"\" class=\"wp-image-379\"\/><\/figure><\/div>\n\n\n\n<p class=\"has-text-align-center\"><a rel=\"noreferrer noopener\" href=\"http:\/\/www.gebiomet.com.br\/\" target=\"_blank\">GEBIOMET &#8211; Grupo de Estudos em Biometeorologia<\/a><\/p>\n<\/div>\n\n\n\n<div class=\"wp-block-column\">\n<div class=\"wp-block-image\"><figure class=\"aligncenter size-full\"><img loading=\"lazy\" width=\"150\" height=\"150\" src=\"https:\/\/dirppg.dv.utfpr.edu.br\/site\/wp-content\/uploads\/2022\/02\/gpcbio.jpg\" alt=\"\" class=\"wp-image-384\"\/><\/figure><\/div>\n\n\n\n<p class=\"has-text-align-center\"><a href=\"http:\/\/dgp.cnpq.br\/dgp\/espelhogrupo\/20277\" target=\"_blank\" rel=\"noreferrer noopener\">GPCBIO &#8211; Controle Biol\u00f3gico de Pragas e Doen\u00e7as<\/a><\/p>\n<\/div>\n\n\n\n<div class=\"wp-block-column\">\n<div class=\"wp-block-image\"><figure class=\"aligncenter size-full\"><img loading=\"lazy\" width=\"150\" height=\"150\" src=\"https:\/\/dirppg.dv.utfpr.edu.br\/site\/wp-content\/uploads\/2022\/02\/horticura.jpg\" alt=\"\" class=\"wp-image-387\"\/><\/figure><\/div>\n\n\n\n<p class=\"has-text-align-center\"><a href=\"http:\/\/dgp.cnpq.br\/dgp\/espelhogrupo\/36872\" target=\"_blank\" rel=\"noreferrer noopener\">Horticultura: Tecnologias de Produ\u00e7\u00e3o e de Conserva\u00e7\u00e3o de Produtos Hort\u00edcolas<\/a><\/p>\n<\/div>\n<\/div>\n\n\n\n<hr class=\"wp-block-separator\"\/>\n\n\n\n<h3>Bioqu\u00edmica<\/h3>\n\n\n\n<div class=\"wp-block-columns\">\n<div class=\"wp-block-column\">\n<div class=\"wp-block-image\"><figure class=\"aligncenter size-full\"><img loading=\"lazy\" width=\"150\" height=\"150\" src=\"https:\/\/dirppg.dv.utfpr.edu.br\/site\/wp-content\/uploads\/2022\/02\/biotransformacoes-8.jpg\" alt=\"\" class=\"wp-image-480\"\/><\/figure><\/div>\n\n\n\n<p class=\"has-text-align-center\"><a href=\"http:\/\/dgp.cnpq.br\/dgp\/espelhogrupo\/179442\" target=\"_blank\" rel=\"noreferrer noopener\">Biotransforma\u00e7\u00f5es Aplicadas \u00e0 Agropecu\u00e1ria e Agroind\u00fastria<\/a><\/p>\n<\/div>\n\n\n\n<div class=\"wp-block-column\"><\/div>\n\n\n\n<div class=\"wp-block-column\"><\/div>\n<\/div>\n\n\n\n<hr class=\"wp-block-separator\"\/>\n\n\n\n<h3>Biotecnologia<\/h3>\n\n\n\n<div class=\"wp-block-columns\">\n<div class=\"wp-block-column\">\n<div class=\"wp-block-image\"><figure class=\"aligncenter size-full is-resized\"><img loading=\"lazy\" src=\"https:\/\/dirppg.dv.utfpr.edu.br\/site\/wp-content\/uploads\/2024\/11\/polibio-logo.jpg\" alt=\"\" class=\"wp-image-997\" width=\"172\" height=\"64\" srcset=\"https:\/\/dirppg.dv.utfpr.edu.br\/site\/wp-content\/uploads\/2024\/11\/polibio-logo.jpg 723w, https:\/\/dirppg.dv.utfpr.edu.br\/site\/wp-content\/uploads\/2024\/11\/polibio-logo-300x112.jpg 300w\" sizes=\"(max-width: 172px) 100vw, 172px\" \/><\/figure><\/div>\n\n\n\n<p class=\"has-text-align-center\"><a href=\"http:\/\/dgp.cnpq.br\/dgp\/espelhogrupo\/665227\" data-type=\"URL\" target=\"_blank\" rel=\"noreferrer noopener\">Biotecnologia, Pol\u00edmeros e Biodiversidade<\/a><\/p>\n<\/div>\n\n\n\n<div class=\"wp-block-column\">\n<div class=\"wp-block-image\"><figure class=\"aligncenter size-full\"><img loading=\"lazy\" width=\"150\" height=\"150\" src=\"https:\/\/dirppg.dv.utfpr.edu.br\/site\/wp-content\/uploads\/2022\/11\/WhatsApp-Image-2022-11-29-at-15.53.56.jpg\" alt=\"\" class=\"wp-image-683\"\/><\/figure><\/div>\n\n\n\n<p class=\"has-text-align-center\"><a href=\"http:\/\/dgp.cnpq.br\/dgp\/espelhogrupo\/1044250774298054\">NanoBioCell &#8211; Nanocomp\u00f3sitos Bioativos e Multifuncionais<\/a><\/p>\n<\/div>\n\n\n\n<div class=\"wp-block-column\"><\/div>\n<\/div>\n\n\n\n<hr class=\"wp-block-separator\"\/>\n\n\n\n<h3>Ci\u00eancias Ambientais<\/h3>\n\n\n\n<div class=\"wp-block-columns\">\n<div class=\"wp-block-column\">\n<div class=\"wp-block-image\"><figure class=\"aligncenter size-full\"><img loading=\"lazy\" width=\"150\" height=\"150\" src=\"https:\/\/dirppg.dv.utfpr.edu.br\/site\/wp-content\/uploads\/2022\/02\/getrat.jpg\" alt=\"\" class=\"wp-image-354\"\/><\/figure><\/div>\n\n\n\n<p class=\"has-text-align-center\"><a href=\"http:\/\/dgp.cnpq.br\/dgp\/espelhogrupo\/306004\" target=\"_blank\" rel=\"noreferrer noopener\">GETRAT &#8211; Grupo de Pesquisa em Gerenciamento e Tratamento de Res\u00edduos<\/a><\/p>\n<\/div>\n\n\n\n<div class=\"wp-block-column\"><\/div>\n\n\n\n<div class=\"wp-block-column\"><\/div>\n<\/div>\n\n\n\n<hr class=\"wp-block-separator\"\/>\n\n\n\n<h3>Ci\u00eancia da Computa\u00e7\u00e3o<\/h3>\n\n\n\n<div class=\"wp-block-columns\">\n<div class=\"wp-block-column\">\n<div class=\"wp-block-image\"><figure class=\"aligncenter size-full\"><img loading=\"lazy\" width=\"150\" height=\"150\" src=\"https:\/\/dirppg.dv.utfpr.edu.br\/site\/wp-content\/uploads\/2022\/02\/seguranca.png\" alt=\"\" class=\"wp-image-421\"\/><\/figure><\/div>\n\n\n\n<p class=\"has-text-align-center\"><a href=\"https:\/\/coens.dv.utfpr.edu.br\/gprsc\/\" target=\"_blank\" rel=\"noreferrer noopener\">GPRSC &#8211; Grupo de Pesquisa em Redes e Seguran\u00e7a Computacional<\/a><\/p>\n<\/div>\n\n\n\n<div class=\"wp-block-column\">\n<div class=\"wp-block-image\"><figure class=\"aligncenter size-full\"><img loading=\"lazy\" width=\"150\" height=\"150\" src=\"https:\/\/dirppg.dv.utfpr.edu.br\/site\/wp-content\/uploads\/2022\/02\/icdi.jpg\" alt=\"\" class=\"wp-image-402\"\/><\/figure><\/div>\n\n\n\n<p class=\"has-text-align-center\"><a href=\"http:\/\/dgp.cnpq.br\/dgp\/espelhogrupo\/262007\" target=\"_blank\" rel=\"noreferrer noopener\">ICDI &#8211; Grupo de Pesquisa em Intelig\u00eancia Computacional e Design de Intera\u00e7\u00e3o<\/a><\/p>\n<\/div>\n\n\n\n<div class=\"wp-block-column\">\n<div class=\"wp-block-image\"><figure class=\"aligncenter size-full\"><img loading=\"lazy\" width=\"150\" height=\"150\" src=\"https:\/\/dirppg.dv.utfpr.edu.br\/site\/wp-content\/uploads\/2022\/02\/iomt.jpg\" alt=\"\" class=\"wp-image-405\"\/><\/figure><\/div>\n\n\n\n<p class=\"has-text-align-center\"><a rel=\"noreferrer noopener\" href=\"http:\/\/dgp.cnpq.br\/dgp\/espelhogrupo\/6622163267374579\" target=\"_blank\">I<\/a><a href=\"http:\/\/dgp.cnpq.br\/dgp\/espelhogrupo\/293526\" target=\"_blank\" rel=\"noreferrer noopener\">oMT &#8211; Internet das Coisas M\u00e9dicas<\/a><\/p>\n<\/div>\n<\/div>\n\n\n\n<hr class=\"wp-block-separator\"\/>\n\n\n\n<h3>Ecologia<\/h3>\n\n\n\n<div class=\"wp-block-columns\">\n<div class=\"wp-block-column\">\n<div class=\"wp-block-image\"><figure class=\"aligncenter size-full\"><img loading=\"lazy\" width=\"150\" height=\"150\" src=\"https:\/\/dirppg.dv.utfpr.edu.br\/site\/wp-content\/uploads\/2022\/02\/conservacao.jpg\" alt=\"\" class=\"wp-image-410\"\/><\/figure><\/div>\n\n\n\n<p class=\"has-text-align-center\"><a href=\"http:\/\/dgp.cnpq.br\/dgp\/espelhogrupo\/40515\" target=\"_blank\" rel=\"noreferrer noopener\">Biodiversidade e Conserva\u00e7\u00e3o<\/a><\/p>\n<\/div>\n\n\n\n<div class=\"wp-block-column\"><\/div>\n\n\n\n<div class=\"wp-block-column\"><\/div>\n<\/div>\n\n\n\n<hr class=\"wp-block-separator\"\/>\n\n\n\n<h3>Educa\u00e7\u00e3o<\/h3>\n\n\n\n<div class=\"wp-block-columns\">\n<div class=\"wp-block-column\">\n<div class=\"wp-block-image\"><figure class=\"aligncenter size-full\"><img loading=\"lazy\" width=\"150\" height=\"150\" src=\"https:\/\/dirppg.dv.utfpr.edu.br\/site\/wp-content\/uploads\/2022\/02\/educacao.jpg\" alt=\"\" class=\"wp-image-414\"\/><\/figure><\/div>\n\n\n\n<p class=\"has-text-align-center\"><a href=\"http:\/\/dgp.cnpq.br\/dgp\/espelhogrupo\/243643\" target=\"_blank\" rel=\"noreferrer noopener\">Educa\u00e7\u00e3o, Trabalho e Forma\u00e7\u00e3o Profissional<\/a><\/p>\n<\/div>\n\n\n\n<div class=\"wp-block-column\"><\/div>\n\n\n\n<div class=\"wp-block-column\"><\/div>\n<\/div>\n\n\n\n<hr class=\"wp-block-separator\"\/>\n\n\n\n<h3>Engenharia Qu\u00edmica<\/h3>\n\n\n\n<div class=\"wp-block-columns\">\n<div class=\"wp-block-column\">\n<div class=\"wp-block-image\"><figure class=\"aligncenter size-full\"><img loading=\"lazy\" width=\"150\" height=\"150\" src=\"https:\/\/dirppg.dv.utfpr.edu.br\/site\/wp-content\/uploads\/2022\/02\/modelagem-1.jpg\" alt=\"\" class=\"wp-image-419\"\/><\/figure><\/div>\n\n\n\n<p class=\"has-text-align-center\"><a href=\"http:\/\/dgp.cnpq.br\/dgp\/espelhogrupo\/281424\" target=\"_blank\" rel=\"noreferrer noopener\">Modelagem, Simula\u00e7\u00e3o e Computa\u00e7\u00e3o Aplicada<\/a><\/p>\n<\/div>\n\n\n\n<div class=\"wp-block-column\"><\/div>\n\n\n\n<div class=\"wp-block-column\"><\/div>\n<\/div>\n\n\n\n<hr class=\"wp-block-separator\"\/>\n\n\n\n<h3>F\u00edsica<\/h3>\n\n\n\n<div class=\"wp-block-columns\">\n<div class=\"wp-block-column\">\n<div class=\"wp-block-image\"><figure class=\"aligncenter size-full\"><img loading=\"lazy\" width=\"150\" height=\"150\" src=\"https:\/\/dirppg.dv.utfpr.edu.br\/site\/wp-content\/uploads\/2022\/02\/raman.jpg\" alt=\"\" class=\"wp-image-424\"\/><\/figure><\/div>\n\n\n\n<p class=\"has-text-align-center\"><a href=\"http:\/\/dgp.cnpq.br\/dgp\/espelhogrupo\/387391\" target=\"_blank\" rel=\"noreferrer noopener\">Espectroscopia Raman Aplicada \u00e0 Sistemas Complexos<\/a><\/p>\n<\/div>\n\n\n\n<div class=\"wp-block-column\"><\/div>\n\n\n\n<div class=\"wp-block-column\"><\/div>\n<\/div>\n\n\n\n<h3>Gen\u00e9tica<\/h3>\n\n\n\n<div class=\"wp-block-columns\">\n<div class=\"wp-block-column\">\n<div class=\"wp-block-image\"><figure class=\"aligncenter size-full\"><img loading=\"lazy\" width=\"150\" height=\"150\" src=\"https:\/\/dirppg.dv.utfpr.edu.br\/site\/wp-content\/uploads\/2022\/02\/biomol.jpg\" alt=\"\" class=\"wp-image-344\"\/><\/figure><\/div>\n\n\n\n<p class=\"has-text-align-center\"><a rel=\"noreferrer noopener\" href=\"http:\/\/dgp.cnpq.br\/dgp\/espelhogrupo\/0167960543807297\" target=\"_blank\">Biologia Molecular<\/a><\/p>\n<\/div>\n\n\n\n<div class=\"wp-block-column\"><\/div>\n\n\n\n<div class=\"wp-block-column\"><\/div>\n<\/div>\n\n\n\n<hr class=\"wp-block-separator\"\/>\n\n\n\n<h2>GEOCI\u00caNCIAS<\/h2>\n\n\n\n<div class=\"wp-block-columns\">\n<div class=\"wp-block-column\">\n<div class=\"wp-block-image\"><figure class=\"aligncenter size-full\"><img loading=\"lazy\" width=\"150\" height=\"150\" src=\"https:\/\/dirppg.dv.utfpr.edu.br\/site\/wp-content\/uploads\/2022\/02\/geomatica.jpg\" alt=\"\" class=\"wp-image-427\"\/><\/figure><\/div>\n\n\n\n<p class=\"has-text-align-center\"><a href=\"http:\/\/dgp.cnpq.br\/dgp\/espelhogrupo\/0722398615340624\" target=\"_blank\" rel=\"noreferrer noopener\">Geom\u00e1tica UTFPR<\/a><\/p>\n<\/div>\n\n\n\n<div class=\"wp-block-column\"><\/div>\n\n\n\n<div class=\"wp-block-column\"><\/div>\n<\/div>\n\n\n\n<hr class=\"wp-block-separator\"\/>\n\n\n\n<h3>Matem\u00e1tica<\/h3>\n\n\n\n<div class=\"wp-block-columns\">\n<div class=\"wp-block-column\">\n<div class=\"wp-block-image\"><figure class=\"aligncenter size-full\"><img loading=\"lazy\" width=\"150\" height=\"150\" src=\"https:\/\/dirppg.dv.utfpr.edu.br\/site\/wp-content\/uploads\/2022\/02\/grucopem.jpg\" alt=\"\" class=\"wp-image-448\"\/><\/figure><\/div>\n\n\n\n<p class=\"has-text-align-center\"><a href=\"http:\/\/dgp.cnpq.br\/dgp\/espelhogrupo\/5669546019903960\" target=\"_blank\" rel=\"noreferrer noopener\">GruCoPEM &#8211; Grupo Colaborativo de Pesquisa e Estudos em Matem\u00e1tica<\/a><\/p>\n<\/div>\n\n\n\n<div class=\"wp-block-column\"><\/div>\n\n\n\n<div class=\"wp-block-column\"><\/div>\n<\/div>\n\n\n\n<hr class=\"wp-block-separator\"\/>\n\n\n\n<h3>Morfologia<\/h3>\n\n\n\n<div class=\"wp-block-columns\">\n<div class=\"wp-block-column\">\n<div class=\"wp-block-image\"><figure class=\"aligncenter size-full\"><img loading=\"lazy\" width=\"150\" height=\"150\" src=\"https:\/\/dirppg.dv.utfpr.edu.br\/site\/wp-content\/uploads\/2022\/02\/embriotoxicologia.jpg\" alt=\"\" class=\"wp-image-430\"\/><\/figure><\/div>\n\n\n\n<p class=\"has-text-align-center\"><a href=\"http:\/\/dgp.cnpq.br\/dgp\/espelhogrupo\/217860\" target=\"_blank\" rel=\"noreferrer noopener\">GEET &#8211; Grupo de Estudos em Embriotoxicologia e Teratologia<\/a><\/p>\n<\/div>\n\n\n\n<div class=\"wp-block-column\"><\/div>\n\n\n\n<div class=\"wp-block-column\"><\/div>\n<\/div>\n\n\n\n<hr class=\"wp-block-separator\"\/>\n\n\n\n<h3>Recursos Florestais e Engenharia Florestal<\/h3>\n\n\n\n<div class=\"wp-block-columns\">\n<div class=\"wp-block-column\">\n<div class=\"wp-block-image\"><figure class=\"aligncenter size-full\"><img loading=\"lazy\" width=\"150\" height=\"150\" src=\"https:\/\/dirppg.dv.utfpr.edu.br\/site\/wp-content\/uploads\/2022\/02\/restauracao.jpg\" alt=\"\" class=\"wp-image-432\"\/><\/figure><\/div>\n\n\n\n<p class=\"has-text-align-center\"><a href=\"http:\/\/dgp.cnpq.br\/dgp\/espelhogrupo\/23502\" target=\"_blank\" rel=\"noreferrer noopener\">Ecologia da Restaura\u00e7\u00e3o<\/a><\/p>\n<\/div>\n\n\n\n<div class=\"wp-block-column\">\n<div class=\"wp-block-image\"><figure class=\"aligncenter size-full\"><img loading=\"lazy\" width=\"150\" height=\"150\" src=\"https:\/\/dirppg.dv.utfpr.edu.br\/site\/wp-content\/uploads\/2022\/02\/gpsis.jpg\" alt=\"\" class=\"wp-image-407\"\/><\/figure><\/div>\n\n\n\n<p class=\"has-text-align-center\"><a href=\"http:\/\/dgp.cnpq.br\/dgp\/faces\/consulta\/consulta_parametrizada.jsf\" target=\"_blank\" rel=\"noreferrer noopener\">Silvicultura e Sistemas Integrados de Produ\u00e7\u00e3o<\/a><\/p>\n<\/div>\n\n\n\n<div class=\"wp-block-column\">\n<div class=\"wp-block-image\"><figure class=\"aligncenter size-full\"><img loading=\"lazy\" width=\"150\" height=\"150\" src=\"https:\/\/dirppg.dv.utfpr.edu.br\/site\/wp-content\/uploads\/2022\/02\/silvicultura.jpg\" alt=\"\" class=\"wp-image-437\"\/><\/figure><\/div>\n\n\n\n<p class=\"has-text-align-center\"><a href=\"http:\/\/dgp.cnpq.br\/dgp\/espelhogrupo\/36689\" target=\"_blank\" rel=\"noreferrer noopener\">Silvicultura e Ecologia Urbana<\/a><\/p>\n<\/div>\n<\/div>\n\n\n\n<div class=\"wp-block-columns\">\n<div class=\"wp-block-column\">\n<div class=\"wp-block-image\"><figure class=\"aligncenter size-full\"><img loading=\"lazy\" width=\"150\" height=\"150\" src=\"https:\/\/dirppg.dv.utfpr.edu.br\/site\/wp-content\/uploads\/2022\/05\/lamaf.jpg\" alt=\"\" class=\"wp-image-568\"\/><\/figure><\/div>\n\n\n\n<p class=\"has-text-align-center\"><a href=\"http:\/\/dgp.cnpq.br\/dgp\/espelhogrupo\/36446\" target=\"_blank\" rel=\"noreferrer noopener\">Manejo Florestal<\/a><\/p>\n<\/div>\n\n\n\n<div class=\"wp-block-column\">\n<div class=\"wp-block-image\"><figure class=\"aligncenter size-full\"><img loading=\"lazy\" width=\"150\" height=\"150\" src=\"https:\/\/dirppg.dv.utfpr.edu.br\/site\/wp-content\/uploads\/2022\/02\/paranaense.jpg\" alt=\"\" class=\"wp-image-441\"\/><\/figure><\/div>\n\n\n\n<p class=\"has-text-align-center\"><a href=\"http:\/\/dgp.cnpq.br\/dgp\/espelhogrupo\/218521\" target=\"_blank\" rel=\"noreferrer noopener\">N\u00facleo Paranaense de Ecologia e Manejo de \u00c1reas Naturais Protegidas<\/a><\/p>\n<\/div>\n\n\n\n<div class=\"wp-block-column\">\n<figure class=\"wp-block-image size-full\"><img loading=\"lazy\" width=\"150\" height=\"150\" src=\"https:\/\/dirppg.dv.utfpr.edu.br\/site\/wp-content\/uploads\/2022\/02\/madeira.jpg\" alt=\"\" class=\"wp-image-497\"\/><\/figure>\n\n\n\n<p><a href=\"http:\/\/dgp.cnpq.br\/dgp\/espelhogrupo\/764482\">&nbsp;Ci\u00eancia e Tecnologia da Madeira<\/a><\/p>\n<\/div>\n<\/div>\n\n\n\n<hr class=\"wp-block-separator\"\/>\n\n\n\n<h3>Zootecnia<\/h3>\n\n\n\n<div class=\"wp-block-columns\">\n<div class=\"wp-block-column\">\n<div class=\"wp-block-image\"><figure class=\"aligncenter size-full\"><img loading=\"lazy\" width=\"150\" height=\"150\" src=\"https:\/\/dirppg.dv.utfpr.edu.br\/site\/wp-content\/uploads\/2022\/02\/penas.jpg\" alt=\"\" class=\"wp-image-444\"\/><\/figure><\/div>\n\n\n\n<p class=\"has-text-align-center\"><a href=\"http:\/\/dgp.cnpq.br\/dgp\/espelhogrupo\/54548\" target=\"_blank\" rel=\"noreferrer noopener\">PENAS &#8211; Pesquisa e Extens\u00e3o em Nutri\u00e7\u00e3o de Aves e Su\u00ednos<\/a><\/p>\n<\/div>\n\n\n\n<div class=\"wp-block-column\">\n<div class=\"wp-block-image\"><figure class=\"aligncenter size-full\"><img loading=\"lazy\" width=\"150\" height=\"150\" src=\"https:\/\/dirppg.dv.utfpr.edu.br\/site\/wp-content\/uploads\/2022\/02\/manejo.png\" alt=\"\" class=\"wp-image-446\"\/><\/figure><\/div>\n\n\n\n<p class=\"has-text-align-center\"><a href=\"http:\/\/dgp.cnpq.br\/dgp\/espelhogrupo\/33785\" target=\"_blank\" rel=\"noreferrer noopener\">Manejo e Produ\u00e7\u00e3o de Ruminantes<\/a><\/p>\n<\/div>\n\n\n\n<div class=\"wp-block-column\"><\/div>\n<\/div>\n\n\n\n<p><\/p>\n","protected":false},"excerpt":{"rendered":"<p>Agronomia Recursos Gen\u00e9ticos e Tecnologias de Produ\u00e7\u00e3o Envolvendo Esp\u00e9cies Negligenciadas da Regi\u00e3o Sul Brasileira Milho &#8211; Manejo Integrado: Lavoura-Homem-Mundo Propaga\u00e7\u00e3o e Biotecnologia Vegetal Din\u00e2mica das Esferas Terrestres Grupo de Pesquisa em Experimenta\u00e7\u00e3o Agropecu\u00e1ria Sistema de Plantio Direto Org\u00e2nico GEBIOMET &#8211; Grupo de Estudos em Biometeorologia GPCBIO &#8211; Controle Biol\u00f3gico de Pragas e Doen\u00e7as Horticultura: Tecnologias [&hellip;]<\/p>\n","protected":false},"author":1,"featured_media":0,"parent":0,"menu_order":0,"comment_status":"closed","ping_status":"closed","template":"","meta":[],"_links":{"self":[{"href":"https:\/\/dirppg.dv.utfpr.edu.br\/site\/wp-json\/wp\/v2\/pages\/84"}],"collection":[{"href":"https:\/\/dirppg.dv.utfpr.edu.br\/site\/wp-json\/wp\/v2\/pages"}],"about":[{"href":"https:\/\/dirppg.dv.utfpr.edu.br\/site\/wp-json\/wp\/v2\/types\/page"}],"author":[{"embeddable":true,"href":"https:\/\/dirppg.dv.utfpr.edu.br\/site\/wp-json\/wp\/v2\/users\/1"}],"replies":[{"embeddable":true,"href":"https:\/\/dirppg.dv.utfpr.edu.br\/site\/wp-json\/wp\/v2\/comments?post=84"}],"version-history":[{"count":99,"href":"https:\/\/dirppg.dv.utfpr.edu.br\/site\/wp-json\/wp\/v2\/pages\/84\/revisions"}],"predecessor-version":[{"id":998,"href":"https:\/\/dirppg.dv.utfpr.edu.br\/site\/wp-json\/wp\/v2\/pages\/84\/revisions\/998"}],"wp:attachment":[{"href":"https:\/\/dirppg.dv.utfpr.edu.br\/site\/wp-json\/wp\/v2\/media?parent=84"}],"curies":[{"name":"wp","href":"https:\/\/api.w.org\/{rel}","templated":true}]}}