{"id":88,"date":"2021-11-27T13:52:49","date_gmt":"2021-11-27T16:52:49","guid":{"rendered":"https:\/\/coens.dv.utfpr.edu.br\/dirppg\/?page_id=88"},"modified":"2023-03-17T15:22:58","modified_gmt":"2023-03-17T18:22:58","slug":"links","status":"publish","type":"page","link":"https:\/\/dirppg.dv.utfpr.edu.br\/site\/links\/","title":{"rendered":"Links"},"content":{"rendered":"\n<h2>Links Importantes<\/h2>\n\n\n\n<p><a rel=\"noreferrer noopener\" href=\"https:\/\/cloud.utfpr.edu.br\/index.php\/s\/olhCMYHwt8uI0F0\" target=\"_blank\">Informativo PROPPG<\/a><\/p>\n\n\n\n<p><a href=\"https:\/\/portal.utfpr.edu.br\/pesquisa-e-pos-graduacao\/programas-de-apoio\/ferramentas-computa\">Ferramentas Computacionais<\/a><\/p>\n\n\n\n<p><a href=\"https:\/\/docs.google.com\/spreadsheets\/d\/1NCKam4TG6sRjbN7mmamxxnOoteWkhXkItIap3ngzbcI\/edit#gid=0\" target=\"_blank\" rel=\"noreferrer noopener\">Lista de equipamentos do campus Dois Vizinhos<\/a><\/p>\n\n\n\n<p><a href=\"https:\/\/sistemas2.utfpr.edu.br\/ords\/f?p=113:23\" target=\"_blank\" rel=\"noreferrer noopener\">Projetos Homologados &#8211; Plataforma de Buscas<\/a><\/p>\n\n\n\n<p><a href=\"http:\/\/revistas.utfpr.edu.br\/\" target=\"_blank\" rel=\"noreferrer noopener\">Portal de Peri\u00f3dicos Cient\u00edficos da UTFPR<\/a><\/p>\n\n\n\n<p><a href=\"https:\/\/cloud.utfpr.edu.br\/index.php\/s\/jdXWDbVGAwqqVRi\">Portif\u00f3lio dos pesquisadores do campus<\/a><\/p>\n\n\n\n<p><a rel=\"noreferrer noopener\" href=\"http:\/\/portal.utfpr.edu.br\/pesquisa-e-pos-graduacao\/sisgen\" target=\"_blank\">Sisgen<\/a><\/p>\n\n\n\n<p><\/p>\n","protected":false},"excerpt":{"rendered":"<p>Links Importantes Informativo PROPPG Ferramentas Computacionais Lista de equipamentos do campus Dois Vizinhos Projetos Homologados &#8211; Plataforma de Buscas Portal de Peri\u00f3dicos Cient\u00edficos da UTFPR Portif\u00f3lio dos pesquisadores do campus Sisgen<\/p>\n","protected":false},"author":3,"featured_media":0,"parent":0,"menu_order":0,"comment_status":"closed","ping_status":"closed","template":"","meta":[],"_links":{"self":[{"href":"https:\/\/dirppg.dv.utfpr.edu.br\/site\/wp-json\/wp\/v2\/pages\/88"}],"collection":[{"href":"https:\/\/dirppg.dv.utfpr.edu.br\/site\/wp-json\/wp\/v2\/pages"}],"about":[{"href":"https:\/\/dirppg.dv.utfpr.edu.br\/site\/wp-json\/wp\/v2\/types\/page"}],"author":[{"embeddable":true,"href":"https:\/\/dirppg.dv.utfpr.edu.br\/site\/wp-json\/wp\/v2\/users\/3"}],"replies":[{"embeddable":true,"href":"https:\/\/dirppg.dv.utfpr.edu.br\/site\/wp-json\/wp\/v2\/comments?post=88"}],"version-history":[{"count":16,"href":"https:\/\/dirppg.dv.utfpr.edu.br\/site\/wp-json\/wp\/v2\/pages\/88\/revisions"}],"predecessor-version":[{"id":760,"href":"https:\/\/dirppg.dv.utfpr.edu.br\/site\/wp-json\/wp\/v2\/pages\/88\/revisions\/760"}],"wp:attachment":[{"href":"https:\/\/dirppg.dv.utfpr.edu.br\/site\/wp-json\/wp\/v2\/media?parent=88"}],"curies":[{"name":"wp","href":"https:\/\/api.w.org\/{rel}","templated":true}]}}